{"id":538,"date":"2013-01-17T18:55:16","date_gmt":"2013-01-17T18:55:16","guid":{"rendered":"http:\/\/www.triopsmedia.com\/wordpress\/ncacustic\/?page_id=538"},"modified":"2016-10-13T14:01:36","modified_gmt":"2016-10-13T14:01:36","slug":"termografia-infrarroja","status":"publish","type":"page","link":"http:\/\/www.nc-acustic.com\/en\/servicios\/termografia-infrarroja\/","title":{"rendered":"THERMOGRAPHY"},"content":{"rendered":"<p><\/p>\n<table border=\"0\" width=\"700\">\n<tbody>\n<tr>\n<td>The technology captures infrared surface temperature of objects displayed in a convenient any anomaly exists in these areas. To detect reliably and quickly those items that do not work properly.<\/td>\n<\/tr>\n<tr>\n<td><strong>The NC Ac\u00fastic Services offered in this sector focus on:<\/strong><\/p>\n<p>Monitoring thermo graphic development processes.<br \/>\nThermo graphic analysis for the study and \/ or test materials.<br \/>\nModel Predictive Maintenance and Safety through infrared technology.<br \/>\nDetection, diagnosis and treatment of diseases of the construction.<br \/>\nPreventive maintenance Building.<br \/>\nAudit Thermo graphic.<br \/>\nInspections solar panels.<br \/>\nPredictive maintenance in the industry.<br \/>\nDetection levels and gases.<\/td>\n<td><img loading=\"lazy\" class=\"alignnone size-thumbnail wp-image-310\" src=\"\/wp-content\/uploads\/2013\/03\/TERM-2-150x150.jpg\" alt=\"TERM 2\" width=\"150\" height=\"150\" \/><\/td>\n<\/tr>\n<tr>\n<td colspan=\"2\">Infrared Thermography is currently considered a nondestructive testing technique (N.D.T).<\/td>\n<\/tr>\n<\/tbody>\n<\/table>\n<p><\/p>","protected":false},"excerpt":{"rendered":"<p>The technology captures infrared surface temperature of objects displayed in a convenient any anomaly exists in these areas. To detect reliably and quickly those items that do not work properly. The NC Ac\u00fastic Services offered in this sector focus on: Monitoring thermo graphic development processes. Thermo graphic analysis for the study and \/ or test <a class=\"read-more-link\" href=\"http:\/\/www.nc-acustic.com\/en\/servicios\/termografia-infrarroja\/\"><br \/>read more<\/a><\/p>\n","protected":false},"author":1,"featured_media":1071,"parent":13,"menu_order":0,"comment_status":"closed","ping_status":"closed","template":"","meta":[],"yoast_head":"<!-- This site is optimized with the Yoast SEO plugin v16.1.1 - https:\/\/yoast.com\/wordpress\/plugins\/seo\/ -->\n<link rel=\"canonical\" href=\"http:\/\/www.nc-acustic.com\/servicios\/termografia-infrarroja\/\" \/>\n<meta property=\"og:locale\" content=\"en_US\" \/>\n<meta property=\"og:type\" content=\"article\" \/>\n<meta property=\"og:title\" content=\"TERMOGRAF\u00cdATERMOGRAF\u00cdATHERMOGRAPHY - NC Ac\u00fastic\" \/>\n<meta property=\"og:description\" content=\"The technology captures infrared surface temperature of objects displayed in a convenient any anomaly exists in these areas. To detect reliably and quickly those items that do not work properly. The NC Ac\u00fastic Services offered in this sector focus on: Monitoring thermo graphic development processes. Thermo graphic analysis for the study and \/ or test read more\" \/>\n<meta property=\"og:url\" content=\"http:\/\/www.nc-acustic.com\/servicios\/termografia-infrarroja\/\" \/>\n<meta property=\"og:site_name\" content=\"NC Ac\u00fastic\" \/>\n<meta property=\"article:modified_time\" content=\"2016-10-13T14:01:36+00:00\" \/>\n<meta property=\"og:image\" content=\"http:\/\/www.nc-acustic.com\/wp-content\/uploads\/2013\/03\/termografia.jpg\" \/>\n\t<meta property=\"og:image:width\" content=\"1379\" \/>\n\t<meta property=\"og:image:height\" content=\"634\" \/>\n<meta name=\"twitter:label1\" content=\"Est. reading time\">\n\t<meta name=\"twitter:data1\" content=\"2 minutes\">\n<script type=\"application\/ld+json\" class=\"yoast-schema-graph\">{\"@context\":\"https:\/\/schema.org\",\"@graph\":[{\"@type\":\"WebSite\",\"@id\":\"http:\/\/www.nc-acustic.com\/#website\",\"url\":\"http:\/\/www.nc-acustic.com\/\",\"name\":\"NC Ac\\u00fastic\",\"description\":\"INGENIER\\u00cdA AC\\u00daSTICA Y TERMOGRAFICA\",\"potentialAction\":[{\"@type\":\"SearchAction\",\"target\":\"http:\/\/www.nc-acustic.com\/?s={search_term_string}\",\"query-input\":\"required name=search_term_string\"}],\"inLanguage\":\"en-US\"},{\"@type\":\"ImageObject\",\"@id\":\"http:\/\/www.nc-acustic.com\/servicios\/termografia-infrarroja\/#primaryimage\",\"inLanguage\":\"en-US\",\"url\":\"http:\/\/www.nc-acustic.com\/wp-content\/uploads\/2013\/03\/termografia.jpg\",\"contentUrl\":\"http:\/\/www.nc-acustic.com\/wp-content\/uploads\/2013\/03\/termografia.jpg\",\"width\":1379,\"height\":634},{\"@type\":\"WebPage\",\"@id\":\"http:\/\/www.nc-acustic.com\/servicios\/termografia-infrarroja\/#webpage\",\"url\":\"http:\/\/www.nc-acustic.com\/servicios\/termografia-infrarroja\/\",\"name\":\"TERMOGRAF\\u00cdATERMOGRAF\\u00cdATHERMOGRAPHY - NC Ac\\u00fastic\",\"isPartOf\":{\"@id\":\"http:\/\/www.nc-acustic.com\/#website\"},\"primaryImageOfPage\":{\"@id\":\"http:\/\/www.nc-acustic.com\/servicios\/termografia-infrarroja\/#primaryimage\"},\"datePublished\":\"2013-01-17T18:55:16+00:00\",\"dateModified\":\"2016-10-13T14:01:36+00:00\",\"breadcrumb\":{\"@id\":\"http:\/\/www.nc-acustic.com\/servicios\/termografia-infrarroja\/#breadcrumb\"},\"inLanguage\":\"en-US\",\"potentialAction\":[{\"@type\":\"ReadAction\",\"target\":[\"http:\/\/www.nc-acustic.com\/servicios\/termografia-infrarroja\/\"]}]},{\"@type\":\"BreadcrumbList\",\"@id\":\"http:\/\/www.nc-acustic.com\/servicios\/termografia-infrarroja\/#breadcrumb\",\"itemListElement\":[{\"@type\":\"ListItem\",\"position\":1,\"item\":{\"@type\":\"WebPage\",\"@id\":\"http:\/\/www.nc-acustic.com\/\",\"url\":\"http:\/\/www.nc-acustic.com\/\",\"name\":\"Home\"}},{\"@type\":\"ListItem\",\"position\":2,\"item\":{\"@type\":\"WebPage\",\"@id\":\"http:\/\/www.nc-acustic.com\/servicios\/\",\"url\":\"http:\/\/www.nc-acustic.com\/servicios\/\",\"name\":\"Serveis\"}},{\"@type\":\"ListItem\",\"position\":3,\"item\":{\"@type\":\"WebPage\",\"@id\":\"http:\/\/www.nc-acustic.com\/servicios\/termografia-infrarroja\/\",\"url\":\"http:\/\/www.nc-acustic.com\/servicios\/termografia-infrarroja\/\",\"name\":\"TERMOGRAF\\u00cdA\"}}]}]}<\/script>\n<!-- \/ Yoast SEO plugin. -->","_links":{"self":[{"href":"http:\/\/www.nc-acustic.com\/en\/wp-json\/wp\/v2\/pages\/538"}],"collection":[{"href":"http:\/\/www.nc-acustic.com\/en\/wp-json\/wp\/v2\/pages"}],"about":[{"href":"http:\/\/www.nc-acustic.com\/en\/wp-json\/wp\/v2\/types\/page"}],"author":[{"embeddable":true,"href":"http:\/\/www.nc-acustic.com\/en\/wp-json\/wp\/v2\/users\/1"}],"replies":[{"embeddable":true,"href":"http:\/\/www.nc-acustic.com\/en\/wp-json\/wp\/v2\/comments?post=538"}],"version-history":[{"count":20,"href":"http:\/\/www.nc-acustic.com\/en\/wp-json\/wp\/v2\/pages\/538\/revisions"}],"predecessor-version":[{"id":1541,"href":"http:\/\/www.nc-acustic.com\/en\/wp-json\/wp\/v2\/pages\/538\/revisions\/1541"}],"up":[{"embeddable":true,"href":"http:\/\/www.nc-acustic.com\/en\/wp-json\/wp\/v2\/pages\/13"}],"wp:featuredmedia":[{"embeddable":true,"href":"http:\/\/www.nc-acustic.com\/en\/wp-json\/wp\/v2\/media\/1071"}],"wp:attachment":[{"href":"http:\/\/www.nc-acustic.com\/en\/wp-json\/wp\/v2\/media?parent=538"}],"curies":[{"name":"wp","href":"https:\/\/api.w.org\/{rel}","templated":true}]}}