{"id":13,"date":"2012-12-18T20:13:30","date_gmt":"2012-12-18T20:13:30","guid":{"rendered":"http:\/\/www.triopsmedia.com\/wordpress\/ncacustic\/?page_id=13"},"modified":"2014-12-21T09:18:16","modified_gmt":"2014-12-21T09:18:16","slug":"servicios","status":"publish","type":"page","link":"http:\/\/www.nc-acustic.com\/es\/servicios\/","title":{"rendered":"Servicios"},"content":{"rendered":"<p><\/p>\n<div id=\"servL\">\n<div class=\"cubos_servL\"><a href=\"\/acustica-arquitectonica\/\"><img loading=\"lazy\" class=\"alignnone size-full wp-image-109\" alt=\"nc boton\" src=\"\/wp-content\/uploads\/2013\/03\/AC-ARQ-2.jpg\" width=\"120\" height=\"120\" \/><\/a><br \/>\nAC\u00daSTICA ARQUITECT\u00d3NICA<\/div>\n<div class=\"cubos_servL\"><a href=\"\/control-de-ruido-y-vibraciones\/\"><img loading=\"lazy\" class=\"alignnone size-full wp-image-109\" alt=\"nc boton\" src=\"\/wp-content\/uploads\/2013\/03\/CONTROL-R-Y-V.jpg\" width=\"120\" height=\"120\" \/><\/a><br \/>\nCONTROL DE RUIDO<\/div>\n<div class=\"cubos_servL\"><a href=\"\/acustica-ambiental\/\"> <img loading=\"lazy\" class=\"alignnone size-full wp-image-109\" alt=\"nc boton\" src=\"\/wp-content\/uploads\/2013\/03\/AC-AMBIENTAL.jpg\" width=\"120\" height=\"120\" \/><\/a><br \/>\nAC\u00daSTICA AMBIENTAL<\/div>\n<\/div>\n<div id=\"servR\">\n<div class=\"cubos_servR\"><a href=\"\/consultoria-acustica\/\"> <img loading=\"lazy\" class=\"alignnone size-full wp-image-109\" alt=\"nc boton\" src=\"\/wp-content\/uploads\/2013\/03\/CONSULT-AC.jpg\" width=\"120\" height=\"120\" \/><\/a><br \/>\nCONSULTORIA AC\u00daSTICA<\/div>\n<div class=\"cubos_servR\"><a href=\"\/termografia-infrarroja\/\"><img loading=\"lazy\" class=\"alignnone size-full wp-image-109\" alt=\"nc boton\" src=\"\/wp-content\/uploads\/2013\/03\/TERM.jpg\" width=\"120\" height=\"120\" \/><\/a><br \/>\nTERMOGRAFIA INFRARROJA<\/div>\n<div class=\"cubos_servR\"><a href=\"\/vibraciones\/\"><img loading=\"lazy\" class=\"alignnone size-full wp-image-109\" alt=\"nc boton\" src=\"\/wp-content\/uploads\/2013\/03\/VIB-2-146x150.jpg\" width=\"120\" height=\"120\" \/><\/a><br \/>\nCONTROL DE VIBRACIONES<\/div>\n<\/div>\n<p><\/p>","protected":false},"excerpt":{"rendered":"<p>AC\u00daSTICA ARQUITECT\u00d3NICA CONTROL DE RUIDO AC\u00daSTICA AMBIENTAL CONSULTORIA AC\u00daSTICA TERMOGRAFIA INFRARROJA CONTROL DE VIBRACIONES<\/p>\n","protected":false},"author":1,"featured_media":0,"parent":0,"menu_order":2,"comment_status":"closed","ping_status":"closed","template":"","meta":[],"yoast_head":"<!-- This site is optimized with the Yoast SEO plugin v16.1.1 - https:\/\/yoast.com\/wordpress\/plugins\/seo\/ -->\n<link rel=\"canonical\" href=\"http:\/\/www.nc-acustic.com\/servicios\/\" \/>\n<meta property=\"og:locale\" content=\"es_ES\" \/>\n<meta property=\"og:type\" content=\"article\" \/>\n<meta property=\"og:title\" content=\"Servicios\" \/>\n<meta property=\"og:description\" content=\"AC\u00daSTICA ARQUITECT\u00d3NICA CONTROL DE RUIDO AC\u00daSTICA AMBIENTAL CONSULTORIA AC\u00daSTICA TERMOGRAFIA INFRARROJA CONTROL DE VIBRACIONES\" \/>\n<meta property=\"og:url\" content=\"http:\/\/www.nc-acustic.com\/servicios\/\" \/>\n<meta property=\"og:site_name\" content=\"NC Ac\u00fastic\" \/>\n<meta property=\"article:modified_time\" content=\"2014-12-21T09:18:16+00:00\" \/>\n<meta property=\"og:image\" content=\"http:\/\/www.nc-acustic.com\/wp-content\/uploads\/2013\/03\/AC-ARQ-2.jpg\" \/>\n<script type=\"application\/ld+json\" class=\"yoast-schema-graph\">{\"@context\":\"https:\/\/schema.org\",\"@graph\":[{\"@type\":\"WebSite\",\"@id\":\"http:\/\/www.nc-acustic.com\/#website\",\"url\":\"http:\/\/www.nc-acustic.com\/\",\"name\":\"NC Ac\\u00fastic\",\"description\":\"INGENIER\\u00cdA AC\\u00daSTICA Y TERMOGRAFICA\",\"potentialAction\":[{\"@type\":\"SearchAction\",\"target\":\"http:\/\/www.nc-acustic.com\/?s={search_term_string}\",\"query-input\":\"required name=search_term_string\"}],\"inLanguage\":\"es\"},{\"@type\":\"ImageObject\",\"@id\":\"http:\/\/www.nc-acustic.com\/servicios\/#primaryimage\",\"inLanguage\":\"es\",\"url\":\"\/wp-content\/uploads\/2013\/03\/AC-ARQ-2.jpg\",\"contentUrl\":\"\/wp-content\/uploads\/2013\/03\/AC-ARQ-2.jpg\"},{\"@type\":\"WebPage\",\"@id\":\"http:\/\/www.nc-acustic.com\/servicios\/#webpage\",\"url\":\"http:\/\/www.nc-acustic.com\/servicios\/\",\"name\":\"Servicios\",\"isPartOf\":{\"@id\":\"http:\/\/www.nc-acustic.com\/#website\"},\"primaryImageOfPage\":{\"@id\":\"http:\/\/www.nc-acustic.com\/servicios\/#primaryimage\"},\"datePublished\":\"2012-12-18T20:13:30+00:00\",\"dateModified\":\"2014-12-21T09:18:16+00:00\",\"breadcrumb\":{\"@id\":\"http:\/\/www.nc-acustic.com\/servicios\/#breadcrumb\"},\"inLanguage\":\"es\",\"potentialAction\":[{\"@type\":\"ReadAction\",\"target\":[\"http:\/\/www.nc-acustic.com\/servicios\/\"]}]},{\"@type\":\"BreadcrumbList\",\"@id\":\"http:\/\/www.nc-acustic.com\/servicios\/#breadcrumb\",\"itemListElement\":[{\"@type\":\"ListItem\",\"position\":1,\"item\":{\"@type\":\"WebPage\",\"@id\":\"http:\/\/www.nc-acustic.com\/\",\"url\":\"http:\/\/www.nc-acustic.com\/\",\"name\":\"Home\"}},{\"@type\":\"ListItem\",\"position\":2,\"item\":{\"@type\":\"WebPage\",\"@id\":\"http:\/\/www.nc-acustic.com\/servicios\/\",\"url\":\"http:\/\/www.nc-acustic.com\/servicios\/\",\"name\":\"Serveis\"}}]}]}<\/script>\n<!-- \/ Yoast SEO plugin. -->","_links":{"self":[{"href":"http:\/\/www.nc-acustic.com\/es\/wp-json\/wp\/v2\/pages\/13"}],"collection":[{"href":"http:\/\/www.nc-acustic.com\/es\/wp-json\/wp\/v2\/pages"}],"about":[{"href":"http:\/\/www.nc-acustic.com\/es\/wp-json\/wp\/v2\/types\/page"}],"author":[{"embeddable":true,"href":"http:\/\/www.nc-acustic.com\/es\/wp-json\/wp\/v2\/users\/1"}],"replies":[{"embeddable":true,"href":"http:\/\/www.nc-acustic.com\/es\/wp-json\/wp\/v2\/comments?post=13"}],"version-history":[{"count":10,"href":"http:\/\/www.nc-acustic.com\/es\/wp-json\/wp\/v2\/pages\/13\/revisions"}],"predecessor-version":[{"id":1510,"href":"http:\/\/www.nc-acustic.com\/es\/wp-json\/wp\/v2\/pages\/13\/revisions\/1510"}],"wp:attachment":[{"href":"http:\/\/www.nc-acustic.com\/es\/wp-json\/wp\/v2\/media?parent=13"}],"curies":[{"name":"wp","href":"https:\/\/api.w.org\/{rel}","templated":true}]}}