{"id":1376,"date":"2013-09-18T18:35:09","date_gmt":"2013-09-18T18:35:09","guid":{"rendered":"http:\/\/www.nc-acustic.com\/?page_id=1376"},"modified":"2016-10-14T09:27:21","modified_gmt":"2016-10-14T09:27:21","slug":"certificacio-energetica-2","status":"publish","type":"page","link":"http:\/\/www.nc-acustic.com\/es\/certificacio-energetica-2\/","title":{"rendered":"CERTIFICACI\u00d3N ENERG\u00c9TICA"},"content":{"rendered":"<p>CERTIFICACI\u00d3N ENERG\u00c9TICA<\/p>\n<p>El pasado 5 de Abril el Consejo de Ministros del Gobierno de Espa\u00f1a aprob\u00f3 el <a title=\"RD 235\/2013\" href=\"http:\/\/www.boe.es\/boe\/dias\/2013\/04\/13\/pdfs\/BOE-A-2013-3904.pdf\" target=\"_blank\"><b>Real Decreto 235\/2013<\/b><\/a> por el que se aprueba el <b>procedimiento b\u00e1sico para la certificaci\u00f3n de la eficiencia energ\u00e9tica de los edificios.<\/b> <b><\/b>Dicho Real Decreto establece que todo inmueble que se ponga a la venta o en alquiler, o se publicite para dichos fines, deber\u00e1 disponer de un certificado de eficiencia energ\u00e9tica a partir del 1 de Junio. Se trata de un nuevo procedimiento obligatorio que determina el grado de eficiencia energ\u00e9tica de un inmueble, es decir, la mayor o menor cantidad de energ\u00eda que dicho inmueble va a demandar para satisfacer unas necesidades de confort. Los inmuebles ser\u00e1n catalogados con las <b>letras A, B, C, D, E, F y G (etiqueta de eficiencia energ\u00e9tica)<\/b> de acuerdo al resultado de la certificaci\u00f3n, otorg\u00e1ndose la letra A (la m\u00e1xima calificaci\u00f3n) a aquellos inmuebles que consuman menos energ\u00eda.<\/p>\n<table border=\"0\" width=\"700\">\n<tbody>\n<tr>\n<td width=\"550\">La certificaci\u00f3n energ\u00e9tica de un inmueble calcula <b>el consumo anual de energ\u00eda necesario para mantenerlo en unas condiciones normales de funcionamiento y ocupaci\u00f3n.<\/b> Se tienen en consideraci\u00f3n la producci\u00f3n de agua caliente, la calefacci\u00f3n, la refrigeraci\u00f3n, la ventilaci\u00f3n y la iluminaci\u00f3n. El certificado incluir\u00e1 recomendaciones para la mejora de la eficiencia energ\u00e9tica, que permitir\u00edan mejorar las prestaciones del edificio en materia energ\u00e9tica.<\/td>\n<td><a href=\"http:\/\/www.nc-acustic.com\/wp-content\/uploads\/2013\/11\/clip_NC-slide-CAT-1_phixr.jpg\"><img loading=\"lazy\" class=\"aligncenter size-full wp-image-1427\" src=\"http:\/\/www.nc-acustic.com\/wp-content\/uploads\/2013\/11\/clip_NC-slide-CAT-1_phixr.jpg\" alt=\"clip_NC-slide-CAT-1_phixr\" width=\"242\" height=\"198\" \/><\/a><\/td>\n<\/tr>\n<tr>\n<td width=\"550\">El proceso de certificaci\u00f3n finaliza con la expedici\u00f3n de un certificado y la asignaci\u00f3n de una etiqueta energ\u00e9tica. El certificado, que tiene una validez de 10 a\u00f1os. El propietario podr\u00e1 proceder voluntariamente a su actualizaci\u00f3n, cuando considere que existen variaciones en aspectos del edificio que puedan modificar el certificado de eficiencia energ\u00e9tica. La finalidad ultima es poner a disposici\u00f3n de los consumidores informaci\u00f3n sobre las caracter\u00edsticas energ\u00e9ticas de los inmuebles que les permita valorar y comparar sus prestaciones, para favorecer la promoci\u00f3n de inmuebles de alta eficiencia energ\u00e9tica y las inversiones en ahorro de energ\u00eda. Resulta evidente que los inmuebles con una peor calificaci\u00f3n energ\u00e9tica ser\u00e1n menos atractivos para el potencial comprador o inquilino que aquellos con una mejor calificaci\u00f3n.<\/td>\n<td><a href=\"http:\/\/www.nc-acustic.com\/wp-content\/uploads\/2013\/09\/eitequeta-ok.jpg\"><img loading=\"lazy\" class=\"aligncenter size-full wp-image-1381\" src=\"http:\/\/www.nc-acustic.com\/wp-content\/uploads\/2013\/09\/eitequeta-ok.jpg\" alt=\"eitequeta ok\" width=\"201\" height=\"287\" \/><\/a><\/td>\n<\/tr>\n<tr>\n<td colspan=\"2\"><strong>TARIFAS:<\/strong><\/p>\n<table border=\"0\" width=\"196\" cellspacing=\"0\" cellpadding=\"0\">\n<tbody>\n<tr>\n<td nowrap=\"nowrap\" width=\"103\">\n<p align=\"center\"><b>SUPERFICIE\/m2<\/b><\/p>\n<\/td>\n<td nowrap=\"nowrap\" width=\"93\">\n<p align=\"center\"><b>HONORARIOS<\/b><\/p>\n<\/td>\n<\/tr>\n<tr>\n<td valign=\"bottom\" nowrap=\"nowrap\" width=\"103\">\n<p align=\"center\">&lt;80<\/p>\n<\/td>\n<td valign=\"bottom\" nowrap=\"nowrap\" width=\"93\">\n<p align=\"center\">184,34\u20ac<\/p>\n<\/td>\n<\/tr>\n<tr>\n<td valign=\"bottom\" nowrap=\"nowrap\" width=\"103\">\n<p align=\"center\">80,01-150<\/p>\n<\/td>\n<td valign=\"bottom\" nowrap=\"nowrap\" width=\"93\">\n<p align=\"center\">222,69\u20ac<\/p>\n<\/td>\n<\/tr>\n<tr>\n<td valign=\"bottom\" nowrap=\"nowrap\" width=\"103\">\n<p align=\"center\">150,01-250<\/p>\n<\/td>\n<td valign=\"bottom\" nowrap=\"nowrap\" width=\"93\">\n<p align=\"center\">339,61\u20ac<\/p>\n<\/td>\n<\/tr>\n<tr>\n<td valign=\"bottom\" nowrap=\"nowrap\" width=\"103\">\n<p align=\"center\">250,01-500<\/p>\n<\/td>\n<td valign=\"bottom\" nowrap=\"nowrap\" width=\"93\">\n<p align=\"center\">633,22\u20ac<\/p>\n<\/td>\n<\/tr>\n<tr>\n<td valign=\"bottom\" nowrap=\"nowrap\" width=\"103\">\n<p align=\"center\">&gt;500,01<\/p>\n<\/td>\n<td valign=\"bottom\" nowrap=\"nowrap\" width=\"93\">\n<p align=\"center\">Consultar<\/p>\n<\/td>\n<\/tr>\n<\/tbody>\n<\/table>\n<p>&nbsp;<\/p>\n<p>*Honorarios establecidos seg\u00fan &lt;&lt; <i>Resoluci\u00f3n de 7 de noviembre de 2013, de la Subsecretar\u00eda, por la que se aprueban las tarifas aplicables por la Sociedad Estatal de Gesti\u00f3n Inmobiliaria de Patrimonio, SA en los trabajos relativos a la certificaci\u00f3n y auditor\u00eda energ\u00e9tica de bienes inmuebles. &gt;&gt;<\/i><\/p>\n<p><i style=\"line-height: 20px;\">*<\/i><span style=\"line-height: 20px;\">Consulte precios aplicables a varias unidades o viviendas en tasaci\u00f3n.<\/span><\/td>\n<\/tr>\n<\/tbody>\n<\/table>\n<p><\/p>","protected":false},"excerpt":{"rendered":"<p>CERTIFICACI\u00d3N ENERG\u00c9TICA El pasado 5 de Abril el Consejo de Ministros del Gobierno de Espa\u00f1a aprob\u00f3 el Real Decreto 235\/2013 por el que se aprueba el procedimiento b\u00e1sico para la certificaci\u00f3n de la eficiencia energ\u00e9tica de los edificios. Dicho Real Decreto establece que todo inmueble que se ponga a la venta o en alquiler, o <a class=\"read-more-link\" href=\"http:\/\/www.nc-acustic.com\/es\/certificacio-energetica-2\/\"><br \/>leer m\u00e1s<\/a><\/p>\n","protected":false},"author":1,"featured_media":0,"parent":0,"menu_order":0,"comment_status":"closed","ping_status":"open","template":"","meta":[],"yoast_head":"<!-- This site is optimized with the Yoast SEO plugin v16.1.1 - https:\/\/yoast.com\/wordpress\/plugins\/seo\/ -->\n<link rel=\"canonical\" href=\"http:\/\/www.nc-acustic.com\/certificacio-energetica-2\/\" \/>\n<meta property=\"og:locale\" content=\"es_ES\" \/>\n<meta property=\"og:type\" content=\"article\" \/>\n<meta property=\"og:title\" content=\"CERTIFICACI\u00d3 ENERG\u00c8TICA\" \/>\n<meta property=\"og:description\" content=\"CERTIFICACI\u00d3N ENERG\u00c9TICA El pasado 5 de Abril el Consejo de Ministros del Gobierno de Espa\u00f1a aprob\u00f3 el Real Decreto 235\/2013 por el que se aprueba el procedimiento b\u00e1sico para la certificaci\u00f3n de la eficiencia energ\u00e9tica de los edificios. Dicho Real Decreto establece que todo inmueble que se ponga a la venta o en alquiler, o leer m\u00e1s\" \/>\n<meta property=\"og:url\" content=\"http:\/\/www.nc-acustic.com\/certificacio-energetica-2\/\" \/>\n<meta property=\"og:site_name\" content=\"NC Ac\u00fastic\" \/>\n<meta property=\"article:modified_time\" content=\"2016-10-14T09:27:21+00:00\" \/>\n<meta property=\"og:image\" content=\"http:\/\/www.nc-acustic.com\/wp-content\/uploads\/2013\/11\/clip_NC-slide-CAT-1_phixr.jpg\" \/>\n<meta name=\"twitter:label1\" content=\"Tiempo de lectura\">\n\t<meta name=\"twitter:data1\" content=\"6 minutos\">\n<script type=\"application\/ld+json\" class=\"yoast-schema-graph\">{\"@context\":\"https:\/\/schema.org\",\"@graph\":[{\"@type\":\"WebSite\",\"@id\":\"http:\/\/www.nc-acustic.com\/#website\",\"url\":\"http:\/\/www.nc-acustic.com\/\",\"name\":\"NC Ac\\u00fastic\",\"description\":\"INGENIER\\u00cdA AC\\u00daSTICA Y TERMOGRAFICA\",\"potentialAction\":[{\"@type\":\"SearchAction\",\"target\":\"http:\/\/www.nc-acustic.com\/?s={search_term_string}\",\"query-input\":\"required name=search_term_string\"}],\"inLanguage\":\"es\"},{\"@type\":\"ImageObject\",\"@id\":\"http:\/\/www.nc-acustic.com\/certificacio-energetica-2\/#primaryimage\",\"inLanguage\":\"es\",\"url\":\"http:\/\/www.nc-acustic.com\/wp-content\/uploads\/2013\/11\/clip_NC-slide-CAT-1_phixr.jpg\",\"contentUrl\":\"http:\/\/www.nc-acustic.com\/wp-content\/uploads\/2013\/11\/clip_NC-slide-CAT-1_phixr.jpg\",\"width\":242,\"height\":198},{\"@type\":\"WebPage\",\"@id\":\"http:\/\/www.nc-acustic.com\/certificacio-energetica-2\/#webpage\",\"url\":\"http:\/\/www.nc-acustic.com\/certificacio-energetica-2\/\",\"name\":\"CERTIFICACI\\u00d3 ENERG\\u00c8TICA\",\"isPartOf\":{\"@id\":\"http:\/\/www.nc-acustic.com\/#website\"},\"primaryImageOfPage\":{\"@id\":\"http:\/\/www.nc-acustic.com\/certificacio-energetica-2\/#primaryimage\"},\"datePublished\":\"2013-09-18T18:35:09+00:00\",\"dateModified\":\"2016-10-14T09:27:21+00:00\",\"breadcrumb\":{\"@id\":\"http:\/\/www.nc-acustic.com\/certificacio-energetica-2\/#breadcrumb\"},\"inLanguage\":\"es\",\"potentialAction\":[{\"@type\":\"ReadAction\",\"target\":[\"http:\/\/www.nc-acustic.com\/certificacio-energetica-2\/\"]}]},{\"@type\":\"BreadcrumbList\",\"@id\":\"http:\/\/www.nc-acustic.com\/certificacio-energetica-2\/#breadcrumb\",\"itemListElement\":[{\"@type\":\"ListItem\",\"position\":1,\"item\":{\"@type\":\"WebPage\",\"@id\":\"http:\/\/www.nc-acustic.com\/\",\"url\":\"http:\/\/www.nc-acustic.com\/\",\"name\":\"Home\"}},{\"@type\":\"ListItem\",\"position\":2,\"item\":{\"@type\":\"WebPage\",\"@id\":\"http:\/\/www.nc-acustic.com\/certificacio-energetica-2\/\",\"url\":\"http:\/\/www.nc-acustic.com\/certificacio-energetica-2\/\",\"name\":\"CERTIFICACI\\u00d3 ENERG\\u00c8TICA\"}}]}]}<\/script>\n<!-- \/ Yoast SEO plugin. -->","_links":{"self":[{"href":"http:\/\/www.nc-acustic.com\/es\/wp-json\/wp\/v2\/pages\/1376"}],"collection":[{"href":"http:\/\/www.nc-acustic.com\/es\/wp-json\/wp\/v2\/pages"}],"about":[{"href":"http:\/\/www.nc-acustic.com\/es\/wp-json\/wp\/v2\/types\/page"}],"author":[{"embeddable":true,"href":"http:\/\/www.nc-acustic.com\/es\/wp-json\/wp\/v2\/users\/1"}],"replies":[{"embeddable":true,"href":"http:\/\/www.nc-acustic.com\/es\/wp-json\/wp\/v2\/comments?post=1376"}],"version-history":[{"count":18,"href":"http:\/\/www.nc-acustic.com\/es\/wp-json\/wp\/v2\/pages\/1376\/revisions"}],"predecessor-version":[{"id":1553,"href":"http:\/\/www.nc-acustic.com\/es\/wp-json\/wp\/v2\/pages\/1376\/revisions\/1553"}],"wp:attachment":[{"href":"http:\/\/www.nc-acustic.com\/es\/wp-json\/wp\/v2\/media?parent=1376"}],"curies":[{"name":"wp","href":"https:\/\/api.w.org\/{rel}","templated":true}]}}