{"id":1443,"date":"2014-04-29T09:51:23","date_gmt":"2014-04-29T09:51:23","guid":{"rendered":"http:\/\/www.nc-acustic.com\/?page_id=1443"},"modified":"2014-12-21T09:16:52","modified_gmt":"2014-12-21T09:16:52","slug":"9-maig-jornades-sensibilitzacio-sobre-el-soroll","status":"publish","type":"page","link":"http:\/\/www.nc-acustic.com\/es\/9-maig-jornades-sensibilitzacio-sobre-el-soroll\/","title":{"rendered":"JORNADAS SENSIBILIZACI\u00d3N SOBRE EL RUIDO"},"content":{"rendered":"<p><\/p>\n<div title=\"Page 1\">\n<p>JORNADAS DE SENSIBILIZACI\u00d3N SOBRE EL RUIDO<\/p>\n<p><i>Por un ambiente m\u00e1s tranquilo, controla tu ruido<\/i><\/p>\n<p>El fen\u00f3meno del ruido presenta en nuestra sociedad actual, una incidencia especialmente significativa, principalmente por el incremento de la demanda l\u00fadica o industrial, fuentes principales de la emisi\u00f3n ac\u00fastica, y, en menor medida, por la propia ordenaci\u00f3n territorial o urban\u00edstica.<\/p>\n<p>En los \u00faltimos a\u00f1os, desde el \u00e1mbito p\u00fablico y el privado se ha tomado suficiente conciencia de que el ruido puede llegar a representar un factor psicopatol\u00f3gico destacado en nuestra sociedad y una fuente permanente de perturbaci\u00f3n de la calidad de vida de los ciudadanos, por lo que las diferentes administraciones han desarrollado una legislaci\u00f3n espec\u00edfica para su correcta y completa regulaci\u00f3n.<\/p>\n<p>Con motivo de la celebraci\u00f3n del d\u00eda internacional de sensibilizaci\u00f3n sobre el ruido el pasado 30 de abril, la empresa NC Ac\u00fastic\u00a0 propone la celebraci\u00f3n el pr\u00f3ximo 9 de mayo de las primeras jornadas de sensibilizaci\u00f3n sobre el ruido. Ser\u00e1n las primeras jornadas de estas caracter\u00edsticas que se celebran en Menorca.<\/p>\n<p>El objetivo de estas jornadas es el de transmitir a todos los asistentes la importancia de la prevenci\u00f3n y\u00a0 el control de ruido generado en\u00a0 la sociedad actual.<\/p>\n<p>Las jornadas se celebrar\u00e1n en la sala de audiencias del Claustre del Carme de Ma\u00f3, y continuar\u00e1n con una serie de actuaciones relacionadas en el Pati d\u2019es Claustre.<\/p>\n<p>A continuaci\u00f3n se presenta el programa de las jornadas.<\/p>\n<p>17:00h: Presentaci\u00f3n de las jornadas. NC Ac\u00fastic<\/p>\n<p>17:10h:<b> \u201cTecnologia, Territori i Societat. La necessitat de comptar amb unes acurades i eficients eines de gesti\u00f3 de la contaminaci\u00f3 ac\u00fastica. Conseq\u00fc\u00e8ncies t\u00e8cniques, econ\u00f2miques i socials.\u201d <\/b><i>Impartida por:<b> <\/b><\/i>Bartomeu Rossell\u00f3 i Boeres CEO&#038;Founder de l\u2019enginyeria Ac\u00fastica Industrial i del laboratori d\u2019assaig acreditat ENAC, AVALUA.<b><\/b><\/p>\n<p>18:00h<b>: \u201cSolid Noise: Un nuevo enfoque para el an\u00e1lisis y predicci\u00f3n de aislamientos ac\u00fasticos en edificaci\u00f3n\u201d <\/b><i>Impartida por:<b> <\/b><\/i>Mat\u00edas Hern\u00e1ndez CEO de Bluenoise, una start-up cuyo objetivo es la generaci\u00f3n de soluciones hardware y software para el sector Ingenier\u00eda Ac\u00fastica, Ruido y vibraciones.<\/p>\n<p>18:30h: <b>\u201cAc\u00fastica y Producto\u201d<\/b> <i>Impartida <\/i><i>por:<\/i><b> <\/b>Guiu Llus\u00e0 dise\u00f1ador industrial i t\u00e9cnico de sonido. Audio Engineer en Cr\u00f2niques Sonores.<\/p>\n<p>19:15h: Turno de preguntas y debate\/\/ Food and drink.<\/p>\n<p>19:30h:\u00a0 <b>\u201cVeo Veo Musical\u201d<\/b> <b>Taller de sensibilizaci\u00f3n sobre ruido para ni\u00f1os. Se llevar\u00e1n a cabo actividades de concienciaci\u00f3n de ruido en los m\u00e1s peque\u00f1os. Se les ense\u00f1ar\u00e1 a saber identificar y controlar actitudes ruidosas. Jugar\u00e1n a identificar diferentes sonidos y podr\u00e1n experimentar sensaciones a trav\u00e9s de la m\u00fasica. \u00a0<\/b><i>Impartida por<\/i> :DJ Bass <b><\/b><\/p>\n<p>22:00h: <b>Concierto Pierre Bastien, Sa Terrassa Es Claustre.<\/b><\/p>\n<p>Pierre Bastien naci\u00f3 en Par\u00eds en 1953. Se postgradu\u00f3 en literatura francesa del siglo XVIII a la Universidad Par\u00eds-Sorbonne. El 1977 construy\u00f3 su primero artilugio musical. Los diez a\u00f1os siguientes los dedic\u00f3 a componer para compa\u00f1\u00edas de danza y a tocar con Pascal Comelade, con quien ha colaborado y ha formado parte de la Belio Canto Orquesta. Mientras tanto se dedic\u00f3 a desarrollar su orquesta mec\u00e1nica y c\u00f3mo es sabido, su universo sonoro se concret\u00f3 con la orquesta Mecanium, compuesta de artilugios construidos con piezas de Meccano, elementos de percusi\u00f3n y sencillos motores, combinado, todo ello, con instrumentos convencionales. Las construcciones sonoras de Pierre Constru\u00edan conservan un esp\u00edritu l\u00fadico, juguet\u00f3n y delicadamente dada\u00edsta.<\/p>\n<p>Desde 1987 se ha concentrado en sus performances en solitario, instalaciones sonoras, grabaciones y colaboraciones con artistas como Pierrick Sorin, Karel Doing, Jean Weinfeld, Robert Wyatt, Issey Miyake o recientemente con el grupo barcelon\u00e9s CaboSanRoque.<\/p>\n<p><a href=\"http:\/\/www.pierrebastien.com\/\">http:\/\/www.pierrebastien.com<\/a><\/p>\n<\/div>\n<p><\/p>","protected":false},"excerpt":{"rendered":"<p>JORNADAS DE SENSIBILIZACI\u00d3N SOBRE EL RUIDO Por un ambiente m\u00e1s tranquilo, controla tu ruido El fen\u00f3meno del ruido presenta en nuestra sociedad actual, una incidencia especialmente significativa, principalmente por el incremento de la demanda l\u00fadica o industrial, fuentes principales de la emisi\u00f3n ac\u00fastica, y, en menor medida, por la propia ordenaci\u00f3n territorial o urban\u00edstica. En <a class=\"read-more-link\" href=\"http:\/\/www.nc-acustic.com\/es\/9-maig-jornades-sensibilitzacio-sobre-el-soroll\/\"><br \/>leer m\u00e1s<\/a><\/p>\n","protected":false},"author":1,"featured_media":1469,"parent":0,"menu_order":0,"comment_status":"closed","ping_status":"closed","template":"","meta":[],"yoast_head":"<!-- This site is optimized with the Yoast SEO plugin v16.1.1 - https:\/\/yoast.com\/wordpress\/plugins\/seo\/ -->\n<link rel=\"canonical\" href=\"http:\/\/www.nc-acustic.com\/9-maig-jornades-sensibilitzacio-sobre-el-soroll\/\" \/>\n<meta property=\"og:locale\" content=\"es_ES\" \/>\n<meta property=\"og:type\" content=\"article\" \/>\n<meta property=\"og:title\" content=\"JORNADAS SENSIBILIZACI\u00d3N SOBRE EL RUIDO\" \/>\n<meta property=\"og:description\" content=\"JORNADAS DE SENSIBILIZACI\u00d3N SOBRE EL RUIDO Por un ambiente m\u00e1s tranquilo, controla tu ruido El fen\u00f3meno del ruido presenta en nuestra sociedad actual, una incidencia especialmente significativa, principalmente por el incremento de la demanda l\u00fadica o industrial, fuentes principales de la emisi\u00f3n ac\u00fastica, y, en menor medida, por la propia ordenaci\u00f3n territorial o urban\u00edstica. En leer m\u00e1s\" \/>\n<meta property=\"og:url\" content=\"http:\/\/www.nc-acustic.com\/9-maig-jornades-sensibilitzacio-sobre-el-soroll\/\" \/>\n<meta property=\"og:site_name\" content=\"NC Ac\u00fastic\" \/>\n<meta property=\"article:modified_time\" content=\"2014-12-21T09:16:52+00:00\" \/>\n<meta property=\"og:image\" content=\"http:\/\/www.nc-acustic.com\/wp-content\/uploads\/2014\/04\/CARTELL_A1_RUIDO-2slide-copia.jpg\" \/>\n\t<meta property=\"og:image:width\" content=\"745\" \/>\n\t<meta property=\"og:image:height\" content=\"350\" \/>\n<meta name=\"twitter:label1\" content=\"Tiempo de lectura\">\n\t<meta name=\"twitter:data1\" content=\"6 minutos\">\n<script type=\"application\/ld+json\" class=\"yoast-schema-graph\">{\"@context\":\"https:\/\/schema.org\",\"@graph\":[{\"@type\":\"WebSite\",\"@id\":\"http:\/\/www.nc-acustic.com\/#website\",\"url\":\"http:\/\/www.nc-acustic.com\/\",\"name\":\"NC Ac\\u00fastic\",\"description\":\"INGENIER\\u00cdA AC\\u00daSTICA Y TERMOGRAFICA\",\"potentialAction\":[{\"@type\":\"SearchAction\",\"target\":\"http:\/\/www.nc-acustic.com\/?s={search_term_string}\",\"query-input\":\"required name=search_term_string\"}],\"inLanguage\":\"es\"},{\"@type\":\"ImageObject\",\"@id\":\"http:\/\/www.nc-acustic.com\/9-maig-jornades-sensibilitzacio-sobre-el-soroll\/#primaryimage\",\"inLanguage\":\"es\",\"url\":\"http:\/\/www.nc-acustic.com\/wp-content\/uploads\/2014\/04\/CARTELL_A1_RUIDO-2slide-copia.jpg\",\"contentUrl\":\"http:\/\/www.nc-acustic.com\/wp-content\/uploads\/2014\/04\/CARTELL_A1_RUIDO-2slide-copia.jpg\",\"width\":745,\"height\":350},{\"@type\":\"WebPage\",\"@id\":\"http:\/\/www.nc-acustic.com\/9-maig-jornades-sensibilitzacio-sobre-el-soroll\/#webpage\",\"url\":\"http:\/\/www.nc-acustic.com\/9-maig-jornades-sensibilitzacio-sobre-el-soroll\/\",\"name\":\"JORNADAS SENSIBILIZACI\\u00d3N SOBRE EL RUIDO\",\"isPartOf\":{\"@id\":\"http:\/\/www.nc-acustic.com\/#website\"},\"primaryImageOfPage\":{\"@id\":\"http:\/\/www.nc-acustic.com\/9-maig-jornades-sensibilitzacio-sobre-el-soroll\/#primaryimage\"},\"datePublished\":\"2014-04-29T09:51:23+00:00\",\"dateModified\":\"2014-12-21T09:16:52+00:00\",\"breadcrumb\":{\"@id\":\"http:\/\/www.nc-acustic.com\/9-maig-jornades-sensibilitzacio-sobre-el-soroll\/#breadcrumb\"},\"inLanguage\":\"es\",\"potentialAction\":[{\"@type\":\"ReadAction\",\"target\":[\"http:\/\/www.nc-acustic.com\/9-maig-jornades-sensibilitzacio-sobre-el-soroll\/\"]}]},{\"@type\":\"BreadcrumbList\",\"@id\":\"http:\/\/www.nc-acustic.com\/9-maig-jornades-sensibilitzacio-sobre-el-soroll\/#breadcrumb\",\"itemListElement\":[{\"@type\":\"ListItem\",\"position\":1,\"item\":{\"@type\":\"WebPage\",\"@id\":\"http:\/\/www.nc-acustic.com\/\",\"url\":\"http:\/\/www.nc-acustic.com\/\",\"name\":\"Home\"}},{\"@type\":\"ListItem\",\"position\":2,\"item\":{\"@type\":\"WebPage\",\"@id\":\"http:\/\/www.nc-acustic.com\/9-maig-jornades-sensibilitzacio-sobre-el-soroll\/\",\"url\":\"http:\/\/www.nc-acustic.com\/9-maig-jornades-sensibilitzacio-sobre-el-soroll\/\",\"name\":\"JORNADES SENSIBILITZACI\\u00d3 SOBRE EL SOROLL\"}}]}]}<\/script>\n<!-- \/ Yoast SEO plugin. -->","_links":{"self":[{"href":"http:\/\/www.nc-acustic.com\/es\/wp-json\/wp\/v2\/pages\/1443"}],"collection":[{"href":"http:\/\/www.nc-acustic.com\/es\/wp-json\/wp\/v2\/pages"}],"about":[{"href":"http:\/\/www.nc-acustic.com\/es\/wp-json\/wp\/v2\/types\/page"}],"author":[{"embeddable":true,"href":"http:\/\/www.nc-acustic.com\/es\/wp-json\/wp\/v2\/users\/1"}],"replies":[{"embeddable":true,"href":"http:\/\/www.nc-acustic.com\/es\/wp-json\/wp\/v2\/comments?post=1443"}],"version-history":[{"count":11,"href":"http:\/\/www.nc-acustic.com\/es\/wp-json\/wp\/v2\/pages\/1443\/revisions"}],"predecessor-version":[{"id":1507,"href":"http:\/\/www.nc-acustic.com\/es\/wp-json\/wp\/v2\/pages\/1443\/revisions\/1507"}],"wp:featuredmedia":[{"embeddable":true,"href":"http:\/\/www.nc-acustic.com\/es\/wp-json\/wp\/v2\/media\/1469"}],"wp:attachment":[{"href":"http:\/\/www.nc-acustic.com\/es\/wp-json\/wp\/v2\/media?parent=1443"}],"curies":[{"name":"wp","href":"https:\/\/api.w.org\/{rel}","templated":true}]}}