{"id":15,"date":"2012-12-18T20:32:55","date_gmt":"2012-12-18T20:32:55","guid":{"rendered":"http:\/\/www.triopsmedia.com\/wordpress\/ncacustic\/?page_id=15"},"modified":"2013-06-28T10:42:33","modified_gmt":"2013-06-28T10:42:33","slug":"equipo","status":"publish","type":"page","link":"http:\/\/www.nc-acustic.com\/es\/equipo\/","title":{"rendered":"Equipo"},"content":{"rendered":"<p>NCacustic es una consultor\u00eda que nace con la misi\u00f3n de asesorar y aportar soluciones a las problem\u00e1ticas de contaminaci\u00f3n ac\u00fastica, el control de ruido y vibraciones, en relaci\u00f3n a la normativa actual y la legislaci\u00f3n vigente de forma innovadora y con alta calidad tecnol\u00f3gica.Est\u00e1 formada por profesionales de la ingenier\u00eda que conocen de primera mano el sector y que aportan sus conocimientos y experiencias acumuladas, manteniendo un enfoque innovador.<\/p>\n<p>Nuestros servicios van dirigidos a peque\u00f1as y medianas empresas, a grandes compa\u00f1\u00edas y administraciones p\u00fablicas que requieran de asesoramiento tecnol\u00f3gico, soluciones o desarrollo de proyectos de ingenier\u00eda ac\u00fastica.<\/p>\n<p>Los puntos fuertes de NCacustic son principalmente la innovaci\u00f3n, calidad, profesionalidad y el uso de las \u00faltimas tecnolog\u00edas existentes en el sector.<\/p>\n<ul>\n<li><strong>Profesionalidad:<\/strong> La realizaci\u00f3n de proyectos por parte de ingenieros titulados con amplia experiencia en el campo de la ac\u00fastica y vibraciones. Nuestra experiencia de trabajo en la realizaci\u00f3n de proyectos de ingenier\u00eda nos permite disponer de una metodolog\u00eda de trabajo propia, as\u00ed como de una base de conocimientos con la cual afrontar cualquier reto profesional<\/li>\n<li><strong>Calidad:<\/strong> La forma m\u00e1s afectiva para garantizar que nuestros servicios ofrecidos satisfacen las necesidad las necesidades del cliente, son el control y aseguramiento de la calidad. M\u00e1s all\u00e1 del producto final, creemos en la necesidad de aplicar este control de calidad a todos nuestros procesos. La apuesta por la formaci\u00f3n continua nos permite, situarnos en las primeras l\u00edneas de la innovaci\u00f3n en procesos de ingenier\u00eda ac\u00fastica y servicios.<\/li>\n<\/ul>\n<div>\n<p>Las claves de futuro para nuestra empresa, son principalmente:<\/p>\n<ul>\n<li><strong>Innovaci\u00f3n constante<\/strong>. Es una empresa vinculada 100% a la tecnolog\u00eda, los profesionales se encuentran en continua formaci\u00f3n en todos sus servicios. El mundo tecnol\u00f3gico se encuentra en continua evoluci\u00f3n y no estar alerta es una desventaja competitiva. Ofrecer soluciones innovadoras es una de nuestras principales caracter\u00edsticas desde el d\u00eda de hoy y de cara el futuro.<\/li>\n<li><strong>Expansi\u00f3n.<\/strong> NCacustic se ha creado con muchos objetivos a corto y largo plazo. Las intenciones son de no dejar de crecer, ofreciendo los mejores servicios. Nuestra visi\u00f3n de futuro pasa por tener una plantilla o un grupo de trabajadores que a partir de una soluci\u00f3n, ya sea de aislamiento o de control de ruido, pueda ejecutar la mano de obra en su totalidad garantizando el \u00e9xito de los resultados esperados.<\/li>\n<li><strong>Preocupaci\u00f3n medioambiental.<\/strong> Nuestro empe\u00f1o recae en gran medida en la idea de solucionar cualquier molestia o problem\u00e1tica relacionado con la contaminaci\u00f3n ac\u00fastica y las vibraciones. Por eso, es primordial para nosotros garantizar el confort ac\u00fastico de la poblaci\u00f3n y de su entorno.<\/li>\n<\/ul>\n<\/div>\n<p><\/p>","protected":false},"excerpt":{"rendered":"<p>NCacustic es una consultor\u00eda que nace con la misi\u00f3n de asesorar y aportar soluciones a las problem\u00e1ticas de contaminaci\u00f3n ac\u00fastica, el control de ruido y vibraciones, en relaci\u00f3n a la normativa actual y la legislaci\u00f3n vigente de forma innovadora y con alta calidad tecnol\u00f3gica.Est\u00e1 formada por profesionales de la ingenier\u00eda que conocen de primera mano <a class=\"read-more-link\" href=\"http:\/\/www.nc-acustic.com\/es\/equipo\/\"><br \/>leer m\u00e1s<\/a><\/p>\n","protected":false},"author":1,"featured_media":0,"parent":0,"menu_order":3,"comment_status":"closed","ping_status":"closed","template":"","meta":[],"yoast_head":"<!-- This site is optimized with the Yoast SEO plugin v16.1.1 - https:\/\/yoast.com\/wordpress\/plugins\/seo\/ -->\n<link rel=\"canonical\" href=\"http:\/\/www.nc-acustic.com\/equipo\/\" \/>\n<meta property=\"og:locale\" content=\"es_ES\" \/>\n<meta property=\"og:type\" content=\"article\" \/>\n<meta property=\"og:title\" content=\"EquipEquipoTeam - NC Ac\u00fastic\" \/>\n<meta property=\"og:description\" content=\"NCacustic es una consultor\u00eda que nace con la misi\u00f3n de asesorar y aportar soluciones a las problem\u00e1ticas de contaminaci\u00f3n ac\u00fastica, el control de ruido y vibraciones, en relaci\u00f3n a la normativa actual y la legislaci\u00f3n vigente de forma innovadora y con alta calidad tecnol\u00f3gica.Est\u00e1 formada por profesionales de la ingenier\u00eda que conocen de primera mano leer m\u00e1s\" \/>\n<meta property=\"og:url\" content=\"http:\/\/www.nc-acustic.com\/equipo\/\" \/>\n<meta property=\"og:site_name\" content=\"NC Ac\u00fastic\" \/>\n<meta property=\"article:modified_time\" content=\"2013-06-28T10:42:33+00:00\" \/>\n<meta name=\"twitter:label1\" content=\"Tiempo de lectura\">\n\t<meta name=\"twitter:data1\" content=\"5 minutos\">\n<script type=\"application\/ld+json\" class=\"yoast-schema-graph\">{\"@context\":\"https:\/\/schema.org\",\"@graph\":[{\"@type\":\"WebSite\",\"@id\":\"http:\/\/www.nc-acustic.com\/#website\",\"url\":\"http:\/\/www.nc-acustic.com\/\",\"name\":\"NC Ac\\u00fastic\",\"description\":\"INGENIER\\u00cdA AC\\u00daSTICA Y TERMOGRAFICA\",\"potentialAction\":[{\"@type\":\"SearchAction\",\"target\":\"http:\/\/www.nc-acustic.com\/?s={search_term_string}\",\"query-input\":\"required name=search_term_string\"}],\"inLanguage\":\"es\"},{\"@type\":\"WebPage\",\"@id\":\"http:\/\/www.nc-acustic.com\/equipo\/#webpage\",\"url\":\"http:\/\/www.nc-acustic.com\/equipo\/\",\"name\":\"EquipEquipoTeam - NC Ac\\u00fastic\",\"isPartOf\":{\"@id\":\"http:\/\/www.nc-acustic.com\/#website\"},\"datePublished\":\"2012-12-18T20:32:55+00:00\",\"dateModified\":\"2013-06-28T10:42:33+00:00\",\"breadcrumb\":{\"@id\":\"http:\/\/www.nc-acustic.com\/equipo\/#breadcrumb\"},\"inLanguage\":\"es\",\"potentialAction\":[{\"@type\":\"ReadAction\",\"target\":[\"http:\/\/www.nc-acustic.com\/equipo\/\"]}]},{\"@type\":\"BreadcrumbList\",\"@id\":\"http:\/\/www.nc-acustic.com\/equipo\/#breadcrumb\",\"itemListElement\":[{\"@type\":\"ListItem\",\"position\":1,\"item\":{\"@type\":\"WebPage\",\"@id\":\"http:\/\/www.nc-acustic.com\/\",\"url\":\"http:\/\/www.nc-acustic.com\/\",\"name\":\"Home\"}},{\"@type\":\"ListItem\",\"position\":2,\"item\":{\"@type\":\"WebPage\",\"@id\":\"http:\/\/www.nc-acustic.com\/equipo\/\",\"url\":\"http:\/\/www.nc-acustic.com\/equipo\/\",\"name\":\"Equip\"}}]}]}<\/script>\n<!-- \/ Yoast SEO plugin. -->","_links":{"self":[{"href":"http:\/\/www.nc-acustic.com\/es\/wp-json\/wp\/v2\/pages\/15"}],"collection":[{"href":"http:\/\/www.nc-acustic.com\/es\/wp-json\/wp\/v2\/pages"}],"about":[{"href":"http:\/\/www.nc-acustic.com\/es\/wp-json\/wp\/v2\/types\/page"}],"author":[{"embeddable":true,"href":"http:\/\/www.nc-acustic.com\/es\/wp-json\/wp\/v2\/users\/1"}],"replies":[{"embeddable":true,"href":"http:\/\/www.nc-acustic.com\/es\/wp-json\/wp\/v2\/comments?post=15"}],"version-history":[{"count":8,"href":"http:\/\/www.nc-acustic.com\/es\/wp-json\/wp\/v2\/pages\/15\/revisions"}],"predecessor-version":[{"id":1372,"href":"http:\/\/www.nc-acustic.com\/es\/wp-json\/wp\/v2\/pages\/15\/revisions\/1372"}],"wp:attachment":[{"href":"http:\/\/www.nc-acustic.com\/es\/wp-json\/wp\/v2\/media?parent=15"}],"curies":[{"name":"wp","href":"https:\/\/api.w.org\/{rel}","templated":true}]}}