{"id":32,"date":"2012-12-19T16:57:02","date_gmt":"2012-12-19T16:57:02","guid":{"rendered":"http:\/\/www.triopsmedia.com\/wordpress\/ncacustic\/?page_id=32"},"modified":"2016-08-31T11:18:03","modified_gmt":"2016-08-31T11:18:03","slug":"clientes","status":"publish","type":"page","link":"http:\/\/www.nc-acustic.com\/es\/clientes\/","title":{"rendered":"Clientes"},"content":{"rendered":"<p><\/p>\n<table border=\"0\">\n<tbody>\n<tr>\n<td style=\"text-align: center;\" align=\"center\" width=\"250\" height=\"0\"><a onclick=\"this.target='_blank'\" href=\"http:\/\/www.ajmao.org\/\"><img loading=\"lazy\" class=\"aligncenter\" alt=\"AJ MAO\" src=\"http:\/\/nc-acustic.com\/wp-content\/uploads\/2013\/03\/AJ-MAO.jpg\" width=\"89\" height=\"59\" \/><\/a> Ajuntament de Ma\u00f3<\/td>\n<td style=\"text-align: center;\" align=\"center\"><a onclick=\"this.target='_blank'\" href=\"http:\/\/www.fcc.es\" target=\"_blank\"><img loading=\"lazy\" class=\"aligncenter\" alt=\"FCC\" src=\"http:\/\/nc-acustic.com\/wp-content\/uploads\/2013\/03\/FCC.jpg\" width=\"89\" height=\"89\" \/><\/a> Fomento de Construcciones i Contratas S.A<\/td>\n<\/tr>\n<tr>\n<td align=\"center\" width=\"250\" height=\"150\">\n<p style=\"text-align: center;\"><a onclick=\"this.target='_blank'\" href=\"http:\/\/www.ajferreries.org\/\"><img loading=\"lazy\" class=\"aligncenter\" alt=\"AJ FERRER\" src=\"http:\/\/nc-acustic.com\/wp-content\/uploads\/2013\/03\/AJ-FERRER.jpg\" width=\"89\" height=\"51\" \/><\/a><\/p>\n<p style=\"text-align: center;\">Ajuntament de Ferreries<\/p>\n<\/td>\n<td align=\"center\" width=\"250\" height=\"150\">\n<p style=\"text-align: center;\"><a onclick=\"this.target='_blank'\" href=\"http:\/\/www.queseriamenorquina.com\/\"><img loading=\"lazy\" class=\"aligncenter\" alt=\"QUESERIA\" src=\"http:\/\/nc-acustic.com\/wp-content\/uploads\/2013\/03\/QUESERIA.jpg\" width=\"90\" height=\"90\" \/><\/a><\/p>\n<p style=\"text-align: center;\">Queseria Menorquina<\/p>\n<\/td>\n<\/tr>\n<tr>\n<td style=\"text-align: center;\" align=\"center\" width=\"250\" height=\"150\"><a onclick=\"this.target='_blank'\" href=\"http:\/\/ib3tv.com\/\"><img loading=\"lazy\" class=\"aligncenter\" alt=\"IB3\" src=\"http:\/\/nc-acustic.com\/wp-content\/uploads\/2013\/03\/IB3.jpg\" width=\"89\" height=\"83\" \/><\/a> ENS.P\u00fablic de Radio Televisi\u00f3 de les Illes Balears<\/td>\n<td align=\"center\" width=\"250\" height=\"150\">\n<p style=\"text-align: center;\"><a onclick=\"this.target='_blank'\" href=\"http:\/\/www.esclaustre.com\"><img loading=\"lazy\" class=\"aligncenter\" alt=\"ES CLAUSTRE\" src=\"http:\/\/nc-acustic.com\/wp-content\/uploads\/2013\/03\/ES-CLAUSTRE.jpg\" width=\"89\" height=\"86\" \/><\/a><\/p>\n<p style=\"text-align: center;\">Terrassa concerts Es Claustre Ma\u00f3<\/p>\n<\/td>\n<\/tr>\n<tr>\n<td align=\"center\" width=\"250\" height=\"150\">\n<p style=\"text-align: center;\"><img loading=\"lazy\" class=\"aligncenter\" alt=\"DIVER\" src=\"http:\/\/nc-acustic.com\/wp-content\/uploads\/2013\/03\/DIVER.jpg\" width=\"90\" height=\"26\" \/><\/p>\n<p style=\"text-align: center;\">Centro de Ocio Menorca<\/p>\n<\/td>\n<td align=\"center\" width=\"250\" height=\"150\">\n<p style=\"text-align: center;\"><a onclick=\"this.target='_blank'\" href=\"http:\/\/www.facebook.com\/pages\/Mirador-Cafe\/504314342933722\/\"><img loading=\"lazy\" class=\"aligncenter\" alt=\"CAF\u00c9 MIRADOR\" src=\"http:\/\/nc-acustic.com\/wp-content\/uploads\/2013\/06\/images.jpg\" width=\"90\" height=\"90\" \/><\/a><\/p>\n<p style=\"text-align: center;\">Caf\u00e9 Mirador<\/p>\n<\/td>\n<\/tr>\n<tr>\n<td style=\"text-align: center;\" align=\"center\" width=\"250\" height=\"150\"><a href=\"http:\/\/www.nc-acustic.com\/wp-content\/uploads\/2013\/06\/roma.jpg\"><img loading=\"lazy\" class=\"aligncenter size-full wp-image-1367\" alt=\"roma\" src=\"http:\/\/www.nc-acustic.com\/wp-content\/uploads\/2013\/06\/roma.jpg\" width=\"128\" height=\"128\" \/><\/a>Pizzeria Roma Ma\u00f3<\/td>\n<td style=\"text-align: center;\" align=\"center\" width=\"250\" height=\"150\">Bar Scorpio Arenal d\u2019en Castell<\/td>\n<\/tr>\n<tr>\n<td style=\"text-align: center;\" align=\"center\" width=\"250\" height=\"150\">Bar Ohlal\u00e0 Ma\u00f3<\/td>\n<td style=\"text-align: center;\" align=\"center\" width=\"250\" height=\"150\"><a href=\"http:\/\/www.nc-acustic.com\/wp-content\/uploads\/2013\/04\/logo_acc.gif\"><img loading=\"lazy\" class=\"aligncenter  wp-image-1254\" alt=\"logo_acc.gif\" src=\"http:\/\/www.nc-acustic.com\/wp-content\/uploads\/2013\/04\/logo_acc.gif\" width=\"119\" height=\"180\" \/><\/a>Restaurant El Grill<\/td>\n<\/tr>\n<\/tbody>\n<\/table>\n<table border=\"0\">\n<tbody>\n<tr>\n<td align=\"center\" width=\"250\" height=\"150\">Apartamentos Hamilton Court<\/td>\n<td align=\"center\" width=\"250\" height=\"150\">Bar Nou Salsa<\/td>\n<\/tr>\n<\/tbody>\n<\/table>\n<p>&nbsp;<\/p>\n<p>&nbsp;<\/p>","protected":false},"excerpt":{"rendered":"<p>Ajuntament de Ma\u00f3 Fomento de Construcciones i Contratas S.A Ajuntament de Ferreries Queseria Menorquina ENS.P\u00fablic de Radio Televisi\u00f3 de les Illes Balears Terrassa concerts Es Claustre Ma\u00f3 Centro de Ocio Menorca Caf\u00e9 Mirador Pizzeria Roma Ma\u00f3 Bar Scorpio Arenal d\u2019en Castell Bar Ohlal\u00e0 Ma\u00f3 Restaurant El Grill Apartamentos Hamilton Court Bar Nou Salsa &nbsp; &nbsp;<\/p>\n","protected":false},"author":1,"featured_media":0,"parent":0,"menu_order":4,"comment_status":"closed","ping_status":"closed","template":"","meta":[],"yoast_head":"<!-- This site is optimized with the Yoast SEO plugin v16.1.1 - https:\/\/yoast.com\/wordpress\/plugins\/seo\/ -->\n<link rel=\"canonical\" href=\"http:\/\/www.nc-acustic.com\/en\/clientes\/\" \/>\n<meta property=\"og:locale\" content=\"es_ES\" \/>\n<meta property=\"og:type\" content=\"article\" \/>\n<meta property=\"og:title\" content=\"ClientsClientesClients - NC Ac\u00fastic\" \/>\n<meta property=\"og:description\" content=\"Ajuntament de Ma\u00f3 Fomento de Construcciones i Contratas S.A Ajuntament de Ferreries Queseria Menorquina ENS.P\u00fablic de Radio Televisi\u00f3 de les Illes Balears Terrassa concerts Es Claustre Ma\u00f3 Centro de Ocio Menorca Caf\u00e9 Mirador Pizzeria Roma Ma\u00f3 Bar Scorpio Arenal d\u2019en Castell Bar Ohlal\u00e0 Ma\u00f3 Restaurant El Grill Apartamentos Hamilton Court Bar Nou Salsa &nbsp; &nbsp;\" \/>\n<meta property=\"og:url\" content=\"http:\/\/www.nc-acustic.com\/en\/clientes\/\" \/>\n<meta property=\"og:site_name\" content=\"NC Ac\u00fastic\" \/>\n<meta property=\"article:modified_time\" content=\"2016-08-31T11:18:03+00:00\" \/>\n<meta property=\"og:image\" content=\"http:\/\/nc-acustic.com\/wp-content\/uploads\/2013\/03\/AJ-MAO.jpg\" \/>\n<meta name=\"twitter:label1\" content=\"Tiempo de lectura\">\n\t<meta name=\"twitter:data1\" content=\"1 minuto\">\n<script type=\"application\/ld+json\" class=\"yoast-schema-graph\">{\"@context\":\"https:\/\/schema.org\",\"@graph\":[{\"@type\":\"WebSite\",\"@id\":\"http:\/\/www.nc-acustic.com\/#website\",\"url\":\"http:\/\/www.nc-acustic.com\/\",\"name\":\"NC Ac\\u00fastic\",\"description\":\"INGENIER\\u00cdA AC\\u00daSTICA Y TERMOGRAFICA\",\"potentialAction\":[{\"@type\":\"SearchAction\",\"target\":\"http:\/\/www.nc-acustic.com\/?s={search_term_string}\",\"query-input\":\"required name=search_term_string\"}],\"inLanguage\":\"es\"},{\"@type\":\"ImageObject\",\"@id\":\"http:\/\/www.nc-acustic.com\/en\/clientes\/#primaryimage\",\"inLanguage\":\"es\",\"url\":\"http:\/\/nc-acustic.com\/wp-content\/uploads\/2013\/03\/AJ-MAO.jpg\",\"contentUrl\":\"http:\/\/nc-acustic.com\/wp-content\/uploads\/2013\/03\/AJ-MAO.jpg\"},{\"@type\":\"WebPage\",\"@id\":\"http:\/\/www.nc-acustic.com\/en\/clientes\/#webpage\",\"url\":\"http:\/\/www.nc-acustic.com\/en\/clientes\/\",\"name\":\"ClientsClientesClients - NC Ac\\u00fastic\",\"isPartOf\":{\"@id\":\"http:\/\/www.nc-acustic.com\/#website\"},\"primaryImageOfPage\":{\"@id\":\"http:\/\/www.nc-acustic.com\/en\/clientes\/#primaryimage\"},\"datePublished\":\"2012-12-19T16:57:02+00:00\",\"dateModified\":\"2016-08-31T11:18:03+00:00\",\"breadcrumb\":{\"@id\":\"http:\/\/www.nc-acustic.com\/en\/clientes\/#breadcrumb\"},\"inLanguage\":\"es\",\"potentialAction\":[{\"@type\":\"ReadAction\",\"target\":[\"http:\/\/www.nc-acustic.com\/en\/clientes\/\"]}]},{\"@type\":\"BreadcrumbList\",\"@id\":\"http:\/\/www.nc-acustic.com\/en\/clientes\/#breadcrumb\",\"itemListElement\":[{\"@type\":\"ListItem\",\"position\":1,\"item\":{\"@type\":\"WebPage\",\"@id\":\"http:\/\/www.nc-acustic.com\/\",\"url\":\"http:\/\/www.nc-acustic.com\/\",\"name\":\"Home\"}},{\"@type\":\"ListItem\",\"position\":2,\"item\":{\"@type\":\"WebPage\",\"@id\":\"http:\/\/www.nc-acustic.com\/en\/clientes\/\",\"url\":\"http:\/\/www.nc-acustic.com\/en\/clientes\/\",\"name\":\"Clients\"}}]}]}<\/script>\n<!-- \/ Yoast SEO plugin. -->","_links":{"self":[{"href":"http:\/\/www.nc-acustic.com\/es\/wp-json\/wp\/v2\/pages\/32"}],"collection":[{"href":"http:\/\/www.nc-acustic.com\/es\/wp-json\/wp\/v2\/pages"}],"about":[{"href":"http:\/\/www.nc-acustic.com\/es\/wp-json\/wp\/v2\/types\/page"}],"author":[{"embeddable":true,"href":"http:\/\/www.nc-acustic.com\/es\/wp-json\/wp\/v2\/users\/1"}],"replies":[{"embeddable":true,"href":"http:\/\/www.nc-acustic.com\/es\/wp-json\/wp\/v2\/comments?post=32"}],"version-history":[{"count":51,"href":"http:\/\/www.nc-acustic.com\/es\/wp-json\/wp\/v2\/pages\/32\/revisions"}],"predecessor-version":[{"id":1525,"href":"http:\/\/www.nc-acustic.com\/es\/wp-json\/wp\/v2\/pages\/32\/revisions\/1525"}],"wp:attachment":[{"href":"http:\/\/www.nc-acustic.com\/es\/wp-json\/wp\/v2\/media?parent=32"}],"curies":[{"name":"wp","href":"https:\/\/api.w.org\/{rel}","templated":true}]}}