{"id":380,"date":"2013-01-16T13:16:05","date_gmt":"2013-01-16T13:16:05","guid":{"rendered":"http:\/\/www.triopsmedia.com\/wordpress\/ncacustic\/?page_id=380"},"modified":"2016-10-14T09:52:45","modified_gmt":"2016-10-14T09:52:45","slug":"acustica-arquitectonica","status":"publish","type":"page","link":"http:\/\/www.nc-acustic.com\/es\/acustica-arquitectonica\/","title":{"rendered":"AC\u00daSTICA ARQUITECT\u00d3NICA"},"content":{"rendered":"<p>AC\u00daSTICA ARQUITECT\u00d3NICA<\/p>\n<table border=\"0\" width=\"700\">\n<tbody>\n<tr>\n<td colspan=\"2\">La Ac\u00fastica Arquitect\u00f3nica estudia los fen\u00f3menos vinculados con la propagaci\u00f3n adecuada, fiel y funcional del sonido dentro de un recinto; una sala de conciertos, un estudio de grabaci\u00f3n o el comedor de nuestro restaurante. Las salas o habit\u00e1culos dedicadas a una aplicaci\u00f3n determinada han de tener cualidades ac\u00fasticas adecuadas para realizar correctamente la funci\u00f3n que se espera de ellos.<\/td>\n<\/tr>\n<tr>\n<td>\n<ul>\n<li>Dise\u00f1o de salas de conciertos, auditorios,\u00a0 salas polivalentes o estudios de grabaci\u00f3n; soluciones a problemas de acondicionamiento ac\u00fastico en el interior de bares o locales de ocio nocturno.<\/li>\n<li>Acondicionamiento de espacios ac\u00fasticos: aulas de escuela, centros deportivos, bibliotecas, plat\u00f3s TV, radios, cines.<\/li>\n<\/ul>\n<\/td>\n<td><a href=\"http:\/\/www.nc-acustic.com\/wp-content\/uploads\/2013\/01\/images-3.jpeg\"><img loading=\"lazy\" class=\"aligncenter size-full wp-image-1546\" src=\"http:\/\/www.nc-acustic.com\/wp-content\/uploads\/2013\/01\/images-3.jpeg\" alt=\"images-3\" width=\"275\" height=\"183\" \/><\/a><\/td>\n<\/tr>\n<tr>\n<td>\n<ul>\n<li>Aplicaci\u00f3n del CTE DB-HR en los temas relacionados con el aislamiento y control de reverberaci\u00f3n.<\/li>\n<li>Medidas in situ para verificar el cumplimiento del CTE DB-HR y asesoramiento a arquitectos y promotores.<\/li>\n<li>Estudios espec\u00edficos para satisfacer el confort ac\u00fastico interior de espacios singulares o con deficiencias de inteligibilidad (EDT, RASTI, ecogramas), sonoridad, focalizaci\u00f3n de ruido, ecos.<\/li>\n<li>Adecuaci\u00f3n de espacios a sus necesidades ac\u00fasticas singulares.<\/li>\n<\/ul>\n<\/td>\n<td><img loading=\"lazy\" class=\"size-full wp-image-296 aligncenter\" src=\"\/wp-content\/uploads\/2013\/03\/AC-ARQ-2.jpg\" alt=\"AC ARQ 2\" width=\"650\" height=\"450\" \/><\/td>\n<\/tr>\n<tr>\n<td colspan=\"2\"><\/td>\n<\/tr>\n<\/tbody>\n<\/table>\n<p><\/p>","protected":false},"excerpt":{"rendered":"<p>AC\u00daSTICA ARQUITECT\u00d3NICA La Ac\u00fastica Arquitect\u00f3nica estudia los fen\u00f3menos vinculados con la propagaci\u00f3n adecuada, fiel y funcional del sonido dentro de un recinto; una sala de conciertos, un estudio de grabaci\u00f3n o el comedor de nuestro restaurante. Las salas o habit\u00e1culos dedicadas a una aplicaci\u00f3n determinada han de tener cualidades ac\u00fasticas adecuadas para realizar correctamente la <a class=\"read-more-link\" href=\"http:\/\/www.nc-acustic.com\/es\/acustica-arquitectonica\/\"><br \/>leer m\u00e1s<\/a><\/p>\n","protected":false},"author":1,"featured_media":1028,"parent":0,"menu_order":0,"comment_status":"closed","ping_status":"closed","template":"","meta":[],"yoast_head":"<!-- This site is optimized with the Yoast SEO plugin v16.1.1 - https:\/\/yoast.com\/wordpress\/plugins\/seo\/ -->\n<link rel=\"canonical\" href=\"http:\/\/www.nc-acustic.com\/acustica-arquitectonica\/\" \/>\n<meta property=\"og:locale\" content=\"es_ES\" \/>\n<meta property=\"og:type\" content=\"article\" \/>\n<meta property=\"og:title\" content=\"AC\u00daSTICA ARQUITECT\u00d3NICA\" \/>\n<meta property=\"og:description\" content=\"AC\u00daSTICA ARQUITECT\u00d3NICA La Ac\u00fastica Arquitect\u00f3nica estudia los fen\u00f3menos vinculados con la propagaci\u00f3n adecuada, fiel y funcional del sonido dentro de un recinto; una sala de conciertos, un estudio de grabaci\u00f3n o el comedor de nuestro restaurante. Las salas o habit\u00e1culos dedicadas a una aplicaci\u00f3n determinada han de tener cualidades ac\u00fasticas adecuadas para realizar correctamente la leer m\u00e1s\" \/>\n<meta property=\"og:url\" content=\"http:\/\/www.nc-acustic.com\/acustica-arquitectonica\/\" \/>\n<meta property=\"og:site_name\" content=\"NC Ac\u00fastic\" \/>\n<meta property=\"article:modified_time\" content=\"2016-10-14T09:52:45+00:00\" \/>\n<meta property=\"og:image\" content=\"http:\/\/www.nc-acustic.com\/wp-content\/uploads\/2013\/03\/ircam.jpg\" \/>\n\t<meta property=\"og:image:width\" content=\"700\" \/>\n\t<meta property=\"og:image:height\" content=\"475\" \/>\n<meta name=\"twitter:label1\" content=\"Tiempo de lectura\">\n\t<meta name=\"twitter:data1\" content=\"3 minutos\">\n<script type=\"application\/ld+json\" class=\"yoast-schema-graph\">{\"@context\":\"https:\/\/schema.org\",\"@graph\":[{\"@type\":\"WebSite\",\"@id\":\"http:\/\/www.nc-acustic.com\/#website\",\"url\":\"http:\/\/www.nc-acustic.com\/\",\"name\":\"NC Ac\\u00fastic\",\"description\":\"INGENIER\\u00cdA AC\\u00daSTICA Y TERMOGRAFICA\",\"potentialAction\":[{\"@type\":\"SearchAction\",\"target\":\"http:\/\/www.nc-acustic.com\/?s={search_term_string}\",\"query-input\":\"required name=search_term_string\"}],\"inLanguage\":\"es\"},{\"@type\":\"ImageObject\",\"@id\":\"http:\/\/www.nc-acustic.com\/acustica-arquitectonica\/#primaryimage\",\"inLanguage\":\"es\",\"url\":\"http:\/\/www.nc-acustic.com\/wp-content\/uploads\/2013\/03\/ircam.jpg\",\"contentUrl\":\"http:\/\/www.nc-acustic.com\/wp-content\/uploads\/2013\/03\/ircam.jpg\",\"width\":700,\"height\":475},{\"@type\":\"WebPage\",\"@id\":\"http:\/\/www.nc-acustic.com\/acustica-arquitectonica\/#webpage\",\"url\":\"http:\/\/www.nc-acustic.com\/acustica-arquitectonica\/\",\"name\":\"AC\\u00daSTICA ARQUITECT\\u00d3NICA\",\"isPartOf\":{\"@id\":\"http:\/\/www.nc-acustic.com\/#website\"},\"primaryImageOfPage\":{\"@id\":\"http:\/\/www.nc-acustic.com\/acustica-arquitectonica\/#primaryimage\"},\"datePublished\":\"2013-01-16T13:16:05+00:00\",\"dateModified\":\"2016-10-14T09:52:45+00:00\",\"breadcrumb\":{\"@id\":\"http:\/\/www.nc-acustic.com\/acustica-arquitectonica\/#breadcrumb\"},\"inLanguage\":\"es\",\"potentialAction\":[{\"@type\":\"ReadAction\",\"target\":[\"http:\/\/www.nc-acustic.com\/acustica-arquitectonica\/\"]}]},{\"@type\":\"BreadcrumbList\",\"@id\":\"http:\/\/www.nc-acustic.com\/acustica-arquitectonica\/#breadcrumb\",\"itemListElement\":[{\"@type\":\"ListItem\",\"position\":1,\"item\":{\"@type\":\"WebPage\",\"@id\":\"http:\/\/www.nc-acustic.com\/\",\"url\":\"http:\/\/www.nc-acustic.com\/\",\"name\":\"Home\"}},{\"@type\":\"ListItem\",\"position\":2,\"item\":{\"@type\":\"WebPage\",\"@id\":\"http:\/\/www.nc-acustic.com\/acustica-arquitectonica\/\",\"url\":\"http:\/\/www.nc-acustic.com\/acustica-arquitectonica\/\",\"name\":\"AC\\u00daSTICA ARQUITECT\\u00d2NICA\"}}]}]}<\/script>\n<!-- \/ Yoast SEO plugin. -->","_links":{"self":[{"href":"http:\/\/www.nc-acustic.com\/es\/wp-json\/wp\/v2\/pages\/380"}],"collection":[{"href":"http:\/\/www.nc-acustic.com\/es\/wp-json\/wp\/v2\/pages"}],"about":[{"href":"http:\/\/www.nc-acustic.com\/es\/wp-json\/wp\/v2\/types\/page"}],"author":[{"embeddable":true,"href":"http:\/\/www.nc-acustic.com\/es\/wp-json\/wp\/v2\/users\/1"}],"replies":[{"embeddable":true,"href":"http:\/\/www.nc-acustic.com\/es\/wp-json\/wp\/v2\/comments?post=380"}],"version-history":[{"count":27,"href":"http:\/\/www.nc-acustic.com\/es\/wp-json\/wp\/v2\/pages\/380\/revisions"}],"predecessor-version":[{"id":1565,"href":"http:\/\/www.nc-acustic.com\/es\/wp-json\/wp\/v2\/pages\/380\/revisions\/1565"}],"wp:featuredmedia":[{"embeddable":true,"href":"http:\/\/www.nc-acustic.com\/es\/wp-json\/wp\/v2\/media\/1028"}],"wp:attachment":[{"href":"http:\/\/www.nc-acustic.com\/es\/wp-json\/wp\/v2\/media?parent=380"}],"curies":[{"name":"wp","href":"https:\/\/api.w.org\/{rel}","templated":true}]}}