{"id":387,"date":"2013-01-16T13:24:48","date_gmt":"2013-01-16T13:24:48","guid":{"rendered":"http:\/\/www.triopsmedia.com\/wordpress\/ncacustic\/?page_id=387"},"modified":"2016-10-14T09:46:58","modified_gmt":"2016-10-14T09:46:58","slug":"control-de-ruido-y-vibraciones","status":"publish","type":"page","link":"http:\/\/www.nc-acustic.com\/es\/control-de-ruido-y-vibraciones\/","title":{"rendered":"CONTROL DE RUIDO"},"content":{"rendered":"<p>CONTROL DE RUIDO<br \/>\nDise\u00f1o y dimensionamiento de aislamiento a ruido a\u00e9reo y estructural presente en la edificaci\u00f3n. Soluciones antivibratorias dimensionadas para cada caso en particular.<\/p>\n<p><img loading=\"lazy\" class=\"aligncenter\" src=\"\/wp-content\/uploads\/2013\/03\/CONT-R-Y-V-2.jpg\" alt=\"CONT R Y V 2\" width=\"212\" height=\"130\" \/><\/p>\n<table border=\"0\" width=\"700\">\n<tbody>\n<tr>\n<td colspan=\"2\">La incorporaci\u00f3n de procesos industriales fruto del avance tecnol\u00f3gico en numeroso \u00e1mbitos de la civilizaci\u00f3n moderna, la han convertido en una civilizaci\u00f3n ruidosa.<br \/>\nLa industrializaci\u00f3n tiene una parte positiva para la sociedad, ya que ha proporcionado a numeroso ciudadanos, pero tambi\u00e9n tiene un aspecto negativo, pues estos trabajadores se encuentran sometidos a niveles de ruido durante su jornada laboral mermando de esta forma su salud.<br \/>\nAnte la presencia del ruido industrial y sus efectos nocivos sobre la salud, se han adoptado una serie de medidas con el objetivo de prevenir el riesgo laboral.<\/td>\n<\/tr>\n<tr>\n<td>Dise\u00f1o de soluciones ac\u00fasticas y vibraciones para maquinaria industrial: sistemas de climatizaci\u00f3n, aislamiento de maquinaria industrial, control de ruido para los trabajadores, dimensionamiento de elementos antivibratorios y anti-impactos.<\/td>\n<td><\/td>\n<\/tr>\n<tr>\n<td colspan=\"2\">Realizaci\u00f3n de medidas in situ y con equipamiento propio seg\u00fan la normativa ISO, concretamente:<br \/>\nUNE-EN ISO 16283-1 (aislamiento a ruido a\u00e9reo).<br \/>\nUNE-EN-ISO 140-7 (aislamiento a ruido de impacto).<\/td>\n<\/tr>\n<\/tbody>\n<\/table>\n<p><\/p>","protected":false},"excerpt":{"rendered":"<p>CONTROL DE RUIDO Dise\u00f1o y dimensionamiento de aislamiento a ruido a\u00e9reo y estructural presente en la edificaci\u00f3n. Soluciones antivibratorias dimensionadas para cada caso en particular. La incorporaci\u00f3n de procesos industriales fruto del avance tecnol\u00f3gico en numeroso \u00e1mbitos de la civilizaci\u00f3n moderna, la han convertido en una civilizaci\u00f3n ruidosa. La industrializaci\u00f3n tiene una parte positiva para <a class=\"read-more-link\" href=\"http:\/\/www.nc-acustic.com\/es\/control-de-ruido-y-vibraciones\/\"><br \/>leer m\u00e1s<\/a><\/p>\n","protected":false},"author":1,"featured_media":0,"parent":0,"menu_order":0,"comment_status":"closed","ping_status":"closed","template":"","meta":[],"yoast_head":"<!-- This site is optimized with the Yoast SEO plugin v16.1.1 - https:\/\/yoast.com\/wordpress\/plugins\/seo\/ -->\n<link rel=\"canonical\" href=\"http:\/\/www.nc-acustic.com\/en\/control-de-ruido-y-vibraciones\/\" \/>\n<meta property=\"og:locale\" content=\"es_ES\" \/>\n<meta property=\"og:type\" content=\"article\" \/>\n<meta property=\"og:title\" content=\"CONTROL DE SOROLL\" \/>\n<meta property=\"og:description\" content=\"CONTROL DE RUIDO Dise\u00f1o y dimensionamiento de aislamiento a ruido a\u00e9reo y estructural presente en la edificaci\u00f3n. Soluciones antivibratorias dimensionadas para cada caso en particular. La incorporaci\u00f3n de procesos industriales fruto del avance tecnol\u00f3gico en numeroso \u00e1mbitos de la civilizaci\u00f3n moderna, la han convertido en una civilizaci\u00f3n ruidosa. La industrializaci\u00f3n tiene una parte positiva para leer m\u00e1s\" \/>\n<meta property=\"og:url\" content=\"http:\/\/www.nc-acustic.com\/en\/control-de-ruido-y-vibraciones\/\" \/>\n<meta property=\"og:site_name\" content=\"NC Ac\u00fastic\" \/>\n<meta property=\"article:modified_time\" content=\"2016-10-14T09:46:58+00:00\" \/>\n<meta property=\"og:image\" content=\"http:\/\/www.nc-acustic.com\/wp-content\/uploads\/2013\/03\/CONT-R-Y-V-2.jpg\" \/>\n<meta name=\"twitter:label1\" content=\"Tiempo de lectura\">\n\t<meta name=\"twitter:data1\" content=\"3 minutos\">\n<script type=\"application\/ld+json\" class=\"yoast-schema-graph\">{\"@context\":\"https:\/\/schema.org\",\"@graph\":[{\"@type\":\"WebSite\",\"@id\":\"http:\/\/www.nc-acustic.com\/#website\",\"url\":\"http:\/\/www.nc-acustic.com\/\",\"name\":\"NC Ac\\u00fastic\",\"description\":\"INGENIER\\u00cdA AC\\u00daSTICA Y TERMOGRAFICA\",\"potentialAction\":[{\"@type\":\"SearchAction\",\"target\":\"http:\/\/www.nc-acustic.com\/?s={search_term_string}\",\"query-input\":\"required name=search_term_string\"}],\"inLanguage\":\"es\"},{\"@type\":\"ImageObject\",\"@id\":\"http:\/\/www.nc-acustic.com\/en\/control-de-ruido-y-vibraciones\/#primaryimage\",\"inLanguage\":\"es\",\"url\":\"\/wp-content\/uploads\/2013\/03\/CONT-R-Y-V-2.jpg\",\"contentUrl\":\"\/wp-content\/uploads\/2013\/03\/CONT-R-Y-V-2.jpg\"},{\"@type\":\"WebPage\",\"@id\":\"http:\/\/www.nc-acustic.com\/en\/control-de-ruido-y-vibraciones\/#webpage\",\"url\":\"http:\/\/www.nc-acustic.com\/en\/control-de-ruido-y-vibraciones\/\",\"name\":\"CONTROL DE SOROLL\",\"isPartOf\":{\"@id\":\"http:\/\/www.nc-acustic.com\/#website\"},\"primaryImageOfPage\":{\"@id\":\"http:\/\/www.nc-acustic.com\/en\/control-de-ruido-y-vibraciones\/#primaryimage\"},\"datePublished\":\"2013-01-16T13:24:48+00:00\",\"dateModified\":\"2016-10-14T09:46:58+00:00\",\"breadcrumb\":{\"@id\":\"http:\/\/www.nc-acustic.com\/en\/control-de-ruido-y-vibraciones\/#breadcrumb\"},\"inLanguage\":\"es\",\"potentialAction\":[{\"@type\":\"ReadAction\",\"target\":[\"http:\/\/www.nc-acustic.com\/en\/control-de-ruido-y-vibraciones\/\"]}]},{\"@type\":\"BreadcrumbList\",\"@id\":\"http:\/\/www.nc-acustic.com\/en\/control-de-ruido-y-vibraciones\/#breadcrumb\",\"itemListElement\":[{\"@type\":\"ListItem\",\"position\":1,\"item\":{\"@type\":\"WebPage\",\"@id\":\"http:\/\/www.nc-acustic.com\/\",\"url\":\"http:\/\/www.nc-acustic.com\/\",\"name\":\"Home\"}},{\"@type\":\"ListItem\",\"position\":2,\"item\":{\"@type\":\"WebPage\",\"@id\":\"http:\/\/www.nc-acustic.com\/en\/control-de-ruido-y-vibraciones\/\",\"url\":\"http:\/\/www.nc-acustic.com\/en\/control-de-ruido-y-vibraciones\/\",\"name\":\"NOISE CONTROL\"}}]}]}<\/script>\n<!-- \/ Yoast SEO plugin. -->","_links":{"self":[{"href":"http:\/\/www.nc-acustic.com\/es\/wp-json\/wp\/v2\/pages\/387"}],"collection":[{"href":"http:\/\/www.nc-acustic.com\/es\/wp-json\/wp\/v2\/pages"}],"about":[{"href":"http:\/\/www.nc-acustic.com\/es\/wp-json\/wp\/v2\/types\/page"}],"author":[{"embeddable":true,"href":"http:\/\/www.nc-acustic.com\/es\/wp-json\/wp\/v2\/users\/1"}],"replies":[{"embeddable":true,"href":"http:\/\/www.nc-acustic.com\/es\/wp-json\/wp\/v2\/comments?post=387"}],"version-history":[{"count":21,"href":"http:\/\/www.nc-acustic.com\/es\/wp-json\/wp\/v2\/pages\/387\/revisions"}],"predecessor-version":[{"id":1560,"href":"http:\/\/www.nc-acustic.com\/es\/wp-json\/wp\/v2\/pages\/387\/revisions\/1560"}],"wp:attachment":[{"href":"http:\/\/www.nc-acustic.com\/es\/wp-json\/wp\/v2\/media?parent=387"}],"curies":[{"name":"wp","href":"https:\/\/api.w.org\/{rel}","templated":true}]}}