{"id":415,"date":"2013-01-17T10:10:27","date_gmt":"2013-01-17T10:10:27","guid":{"rendered":"http:\/\/www.triopsmedia.com\/wordpress\/ncacustic\/?page_id=415"},"modified":"2016-10-14T09:36:09","modified_gmt":"2016-10-14T09:36:09","slug":"acustica-ambiental","status":"publish","type":"page","link":"http:\/\/www.nc-acustic.com\/es\/acustica-ambiental\/","title":{"rendered":"AC\u00daSTICA AMBIENTAL"},"content":{"rendered":"<p><\/p>\n<table style=\"height: 685px;\" border=\"0\" width=\"700\">\n<tbody>\n<tr>\n<td width=\"550\">AC\u00daSTICA AMBIENTAL<br \/>\nRealizaci\u00f3n de medidas de ruido ambiental puntuales o de larga duraci\u00f3n,\u00a0 sonometr\u00edas previas a la apertura de actividades para la obtenci\u00f3n de licencias ambientales.\u00a0Soluciones a problemas existentes entre actividades molestas y vecinos afectados, medidas de ruido para evaluar infraestructuras existentes tales como aeropuertos, puertos navales o carreteras e industrias.<\/td>\n<td><img loading=\"lazy\" class=\"size-full wp-image-292 alignright\" src=\"\/wp-content\/uploads\/2013\/03\/AC-AMB1.jpg\" alt=\"AC AMB1\" width=\"650\" height=\"450\" \/><\/td>\n<\/tr>\n<tr>\n<td width=\"550\">Realizaci\u00f3n de todos los mapas comprendidos en el mapa estrat\u00e9gico de ruido para el cumplimiento de la normativa existente en materia de ruido: mapa de ruido existente y futuro, mapa de capacidad ac\u00fastica, mapa de superaci\u00f3n de niveles de immisi\u00f3n sonora y planes de acci\u00f3n.<br \/>\nRealizaci\u00f3n de cursos espec\u00edficos de formaci\u00f3n ac\u00fastica y vibraciones dirigidos a t\u00e9cnicos de administraciones p\u00fablicas, agentes de polic\u00eda, escuelas.<br \/>\nCurso de metodolog\u00eda de medida de ruido ambiental y vibraciones.<br \/>\nCurso de metodolog\u00eda de medida de aislamiento ac\u00fastico.<br \/>\nCurso de aplicaci\u00f3n de normativas espec\u00edficas.<\/td>\n<td><a href=\"http:\/\/www.nc-acustic.com\/wp-content\/uploads\/2013\/01\/mapa.jpeg\"><img loading=\"lazy\" class=\" wp-image-1534 alignright\" src=\"http:\/\/www.nc-acustic.com\/wp-content\/uploads\/2013\/01\/mapa.jpeg\" alt=\"mapa\" width=\"650\" height=\"450\" \/><\/a><\/td>\n<\/tr>\n<tr>\n<td colspan=\"2\">Aplicaci\u00f3n en general de la Directiva 2002\/49\/CE, del 25 de junio sobre la evaluaci\u00f3n y gesti\u00f3n del ruido ambiental, traspuesta a nivel nacional por la Ley 37\/2003 del Ruido, del 17 de noviembre y desarrollada por el RD 1513\/2005 del 16 de diciembre y a nivel balear por la Ley 1\/2007 del 16 de marzo, contra la contaminaci\u00f3n ac\u00fastica de las Islas Baleares.<\/td>\n<\/tr>\n<\/tbody>\n<\/table>\n<p><\/p>","protected":false},"excerpt":{"rendered":"<p>AC\u00daSTICA AMBIENTAL Realizaci\u00f3n de medidas de ruido ambiental puntuales o de larga duraci\u00f3n,\u00a0 sonometr\u00edas previas a la apertura de actividades para la obtenci\u00f3n de licencias ambientales.\u00a0Soluciones a problemas existentes entre actividades molestas y vecinos afectados, medidas de ruido para evaluar infraestructuras existentes tales como aeropuertos, puertos navales o carreteras e industrias. Realizaci\u00f3n de todos los <a class=\"read-more-link\" href=\"http:\/\/www.nc-acustic.com\/es\/acustica-ambiental\/\"><br \/>leer m\u00e1s<\/a><\/p>\n","protected":false},"author":1,"featured_media":1000,"parent":0,"menu_order":0,"comment_status":"closed","ping_status":"closed","template":"","meta":[],"yoast_head":"<!-- This site is optimized with the Yoast SEO plugin v16.1.1 - https:\/\/yoast.com\/wordpress\/plugins\/seo\/ -->\n<link rel=\"canonical\" href=\"http:\/\/www.nc-acustic.com\/es\/acustica-ambiental\/\" \/>\n<meta property=\"og:locale\" content=\"es_ES\" \/>\n<meta property=\"og:type\" content=\"article\" \/>\n<meta property=\"og:title\" content=\"Ac\u00fastica Ambiental\" \/>\n<meta property=\"og:description\" content=\"AC\u00daSTICA AMBIENTAL Realizaci\u00f3n de medidas de ruido ambiental puntuales o de larga duraci\u00f3n,\u00a0 sonometr\u00edas previas a la apertura de actividades para la obtenci\u00f3n de licencias ambientales.\u00a0Soluciones a problemas existentes entre actividades molestas y vecinos afectados, medidas de ruido para evaluar infraestructuras existentes tales como aeropuertos, puertos navales o carreteras e industrias. Realizaci\u00f3n de todos los leer m\u00e1s\" \/>\n<meta property=\"og:url\" content=\"http:\/\/www.nc-acustic.com\/es\/acustica-ambiental\/\" \/>\n<meta property=\"og:site_name\" content=\"NC Ac\u00fastic\" \/>\n<meta property=\"article:modified_time\" content=\"2016-10-14T09:36:09+00:00\" \/>\n<meta property=\"og:image\" content=\"http:\/\/www.nc-acustic.com\/wp-content\/uploads\/2013\/03\/CIMG3510.jpg\" \/>\n\t<meta property=\"og:image:width\" content=\"1200\" \/>\n\t<meta property=\"og:image:height\" content=\"900\" \/>\n<meta name=\"twitter:label1\" content=\"Tiempo de lectura\">\n\t<meta name=\"twitter:data1\" content=\"3 minutos\">\n<script type=\"application\/ld+json\" class=\"yoast-schema-graph\">{\"@context\":\"https:\/\/schema.org\",\"@graph\":[{\"@type\":\"WebSite\",\"@id\":\"http:\/\/www.nc-acustic.com\/#website\",\"url\":\"http:\/\/www.nc-acustic.com\/\",\"name\":\"NC Ac\\u00fastic\",\"description\":\"INGENIER\\u00cdA AC\\u00daSTICA Y TERMOGRAFICA\",\"potentialAction\":[{\"@type\":\"SearchAction\",\"target\":\"http:\/\/www.nc-acustic.com\/?s={search_term_string}\",\"query-input\":\"required name=search_term_string\"}],\"inLanguage\":\"es\"},{\"@type\":\"ImageObject\",\"@id\":\"http:\/\/www.nc-acustic.com\/es\/acustica-ambiental\/#primaryimage\",\"inLanguage\":\"es\",\"url\":\"http:\/\/www.nc-acustic.com\/wp-content\/uploads\/2013\/03\/CIMG3510.jpg\",\"contentUrl\":\"http:\/\/www.nc-acustic.com\/wp-content\/uploads\/2013\/03\/CIMG3510.jpg\",\"width\":1200,\"height\":900},{\"@type\":\"WebPage\",\"@id\":\"http:\/\/www.nc-acustic.com\/es\/acustica-ambiental\/#webpage\",\"url\":\"http:\/\/www.nc-acustic.com\/es\/acustica-ambiental\/\",\"name\":\"Ac\\u00fastica Ambiental\",\"isPartOf\":{\"@id\":\"http:\/\/www.nc-acustic.com\/#website\"},\"primaryImageOfPage\":{\"@id\":\"http:\/\/www.nc-acustic.com\/es\/acustica-ambiental\/#primaryimage\"},\"datePublished\":\"2013-01-17T10:10:27+00:00\",\"dateModified\":\"2016-10-14T09:36:09+00:00\",\"breadcrumb\":{\"@id\":\"http:\/\/www.nc-acustic.com\/es\/acustica-ambiental\/#breadcrumb\"},\"inLanguage\":\"es\",\"potentialAction\":[{\"@type\":\"ReadAction\",\"target\":[\"http:\/\/www.nc-acustic.com\/es\/acustica-ambiental\/\"]}]},{\"@type\":\"BreadcrumbList\",\"@id\":\"http:\/\/www.nc-acustic.com\/es\/acustica-ambiental\/#breadcrumb\",\"itemListElement\":[{\"@type\":\"ListItem\",\"position\":1,\"item\":{\"@type\":\"WebPage\",\"@id\":\"http:\/\/www.nc-acustic.com\/\",\"url\":\"http:\/\/www.nc-acustic.com\/\",\"name\":\"Home\"}},{\"@type\":\"ListItem\",\"position\":2,\"item\":{\"@type\":\"WebPage\",\"@id\":\"http:\/\/www.nc-acustic.com\/es\/acustica-ambiental\/\",\"url\":\"http:\/\/www.nc-acustic.com\/es\/acustica-ambiental\/\",\"name\":\"AC\\u00daSTICA AMBIENTAL\"}}]}]}<\/script>\n<!-- \/ Yoast SEO plugin. -->","_links":{"self":[{"href":"http:\/\/www.nc-acustic.com\/es\/wp-json\/wp\/v2\/pages\/415"}],"collection":[{"href":"http:\/\/www.nc-acustic.com\/es\/wp-json\/wp\/v2\/pages"}],"about":[{"href":"http:\/\/www.nc-acustic.com\/es\/wp-json\/wp\/v2\/types\/page"}],"author":[{"embeddable":true,"href":"http:\/\/www.nc-acustic.com\/es\/wp-json\/wp\/v2\/users\/1"}],"replies":[{"embeddable":true,"href":"http:\/\/www.nc-acustic.com\/es\/wp-json\/wp\/v2\/comments?post=415"}],"version-history":[{"count":47,"href":"http:\/\/www.nc-acustic.com\/es\/wp-json\/wp\/v2\/pages\/415\/revisions"}],"predecessor-version":[{"id":1556,"href":"http:\/\/www.nc-acustic.com\/es\/wp-json\/wp\/v2\/pages\/415\/revisions\/1556"}],"wp:featuredmedia":[{"embeddable":true,"href":"http:\/\/www.nc-acustic.com\/es\/wp-json\/wp\/v2\/media\/1000"}],"wp:attachment":[{"href":"http:\/\/www.nc-acustic.com\/es\/wp-json\/wp\/v2\/media?parent=415"}],"curies":[{"name":"wp","href":"https:\/\/api.w.org\/{rel}","templated":true}]}}