{"id":429,"date":"2013-01-17T10:34:37","date_gmt":"2013-01-17T10:34:37","guid":{"rendered":"http:\/\/www.triopsmedia.com\/wordpress\/ncacustic\/?page_id=429"},"modified":"2016-10-14T09:32:46","modified_gmt":"2016-10-14T09:32:46","slug":"consultoria-acustica","status":"publish","type":"page","link":"http:\/\/www.nc-acustic.com\/es\/consultoria-acustica\/","title":{"rendered":"CONSULTORIA AC\u00daSTICA"},"content":{"rendered":"<p>&nbsp;<\/p>\n<table border=\"0\" width=\"700\">\n<tbody>\n<tr>\n<td>CONSULTORIA AC\u00daSTICA<br \/>\nAsesoramiento t\u00e9cnico dirigido a profesionales de la construcci\u00f3n o propietarios de actividades o viviendas generadoras de ruidos. Realizaci\u00f3n de sonometr\u00edas previas a la apertura de actividades, asesoramiento legal durante todo el proceso.<\/p>\n<p>Asesoramiento t\u00e9cnico legal dirigido a ayuntamientos y \u00a0entidades para modificaci\u00f3n, actualizaci\u00f3n de ordenanzas de ruido y vibraciones<br \/>\nRealizaci\u00f3n de planes de acci\u00f3n y seminarios de formaci\u00f3n \u00a0para reducir la contaminaci\u00f3n ac\u00fastica.<\/p>\n<p>Colaboraci\u00f3n con la administraci\u00f3n competente para definir las acciones que se han de emplear con los indicadores cuantitativos que correspondan, para poder evaluar la fiabilidad del plan de acci\u00f3n.<\/td>\n<td><img loading=\"lazy\" class=\"alignnone size-medium wp-image-299 aligncenter\" src=\"\/wp-content\/uploads\/2013\/03\/CONS-AC-1-300x300.png\" alt=\"CONS AC 1\" width=\"650\" height=\"450\" \/><\/td>\n<\/tr>\n<tr>\n<td><\/td>\n<td><\/td>\n<\/tr>\n<\/tbody>\n<\/table>\n<p><\/p>","protected":false},"excerpt":{"rendered":"<p>&nbsp; CONSULTORIA AC\u00daSTICA Asesoramiento t\u00e9cnico dirigido a profesionales de la construcci\u00f3n o propietarios de actividades o viviendas generadoras de ruidos. Realizaci\u00f3n de sonometr\u00edas previas a la apertura de actividades, asesoramiento legal durante todo el proceso. Asesoramiento t\u00e9cnico legal dirigido a ayuntamientos y \u00a0entidades para modificaci\u00f3n, actualizaci\u00f3n de ordenanzas de ruido y vibraciones Realizaci\u00f3n de planes <a class=\"read-more-link\" href=\"http:\/\/www.nc-acustic.com\/es\/consultoria-acustica\/\"><br \/>leer m\u00e1s<\/a><\/p>\n","protected":false},"author":1,"featured_media":0,"parent":0,"menu_order":0,"comment_status":"closed","ping_status":"closed","template":"","meta":[],"yoast_head":"<!-- This site is optimized with the Yoast SEO plugin v16.1.1 - https:\/\/yoast.com\/wordpress\/plugins\/seo\/ -->\n<link rel=\"canonical\" href=\"http:\/\/www.nc-acustic.com\/consultoria-acustica\/\" \/>\n<meta property=\"og:locale\" content=\"es_ES\" \/>\n<meta property=\"og:type\" content=\"article\" \/>\n<meta property=\"og:title\" content=\"CONSULTORIA AC\u00daSTICA\" \/>\n<meta property=\"og:description\" content=\"&nbsp; CONSULTORIA AC\u00daSTICA Asesoramiento t\u00e9cnico dirigido a profesionales de la construcci\u00f3n o propietarios de actividades o viviendas generadoras de ruidos. Realizaci\u00f3n de sonometr\u00edas previas a la apertura de actividades, asesoramiento legal durante todo el proceso. Asesoramiento t\u00e9cnico legal dirigido a ayuntamientos y \u00a0entidades para modificaci\u00f3n, actualizaci\u00f3n de ordenanzas de ruido y vibraciones Realizaci\u00f3n de planes leer m\u00e1s\" \/>\n<meta property=\"og:url\" content=\"http:\/\/www.nc-acustic.com\/consultoria-acustica\/\" \/>\n<meta property=\"og:site_name\" content=\"NC Ac\u00fastic\" \/>\n<meta property=\"article:modified_time\" content=\"2016-10-14T09:32:46+00:00\" \/>\n<meta property=\"og:image\" content=\"http:\/\/www.nc-acustic.com\/wp-content\/uploads\/2013\/03\/CONS-AC-1-300x300.png\" \/>\n<meta name=\"twitter:label1\" content=\"Tiempo de lectura\">\n\t<meta name=\"twitter:data1\" content=\"1 minuto\">\n<script type=\"application\/ld+json\" class=\"yoast-schema-graph\">{\"@context\":\"https:\/\/schema.org\",\"@graph\":[{\"@type\":\"WebSite\",\"@id\":\"http:\/\/www.nc-acustic.com\/#website\",\"url\":\"http:\/\/www.nc-acustic.com\/\",\"name\":\"NC Ac\\u00fastic\",\"description\":\"INGENIER\\u00cdA AC\\u00daSTICA Y TERMOGRAFICA\",\"potentialAction\":[{\"@type\":\"SearchAction\",\"target\":\"http:\/\/www.nc-acustic.com\/?s={search_term_string}\",\"query-input\":\"required name=search_term_string\"}],\"inLanguage\":\"es\"},{\"@type\":\"ImageObject\",\"@id\":\"http:\/\/www.nc-acustic.com\/consultoria-acustica\/#primaryimage\",\"inLanguage\":\"es\",\"url\":\"\/wp-content\/uploads\/2013\/03\/CONS-AC-1-300x300.png\",\"contentUrl\":\"\/wp-content\/uploads\/2013\/03\/CONS-AC-1-300x300.png\"},{\"@type\":\"WebPage\",\"@id\":\"http:\/\/www.nc-acustic.com\/consultoria-acustica\/#webpage\",\"url\":\"http:\/\/www.nc-acustic.com\/consultoria-acustica\/\",\"name\":\"CONSULTORIA AC\\u00daSTICA\",\"isPartOf\":{\"@id\":\"http:\/\/www.nc-acustic.com\/#website\"},\"primaryImageOfPage\":{\"@id\":\"http:\/\/www.nc-acustic.com\/consultoria-acustica\/#primaryimage\"},\"datePublished\":\"2013-01-17T10:34:37+00:00\",\"dateModified\":\"2016-10-14T09:32:46+00:00\",\"breadcrumb\":{\"@id\":\"http:\/\/www.nc-acustic.com\/consultoria-acustica\/#breadcrumb\"},\"inLanguage\":\"es\",\"potentialAction\":[{\"@type\":\"ReadAction\",\"target\":[\"http:\/\/www.nc-acustic.com\/consultoria-acustica\/\"]}]},{\"@type\":\"BreadcrumbList\",\"@id\":\"http:\/\/www.nc-acustic.com\/consultoria-acustica\/#breadcrumb\",\"itemListElement\":[{\"@type\":\"ListItem\",\"position\":1,\"item\":{\"@type\":\"WebPage\",\"@id\":\"http:\/\/www.nc-acustic.com\/\",\"url\":\"http:\/\/www.nc-acustic.com\/\",\"name\":\"Home\"}},{\"@type\":\"ListItem\",\"position\":2,\"item\":{\"@type\":\"WebPage\",\"@id\":\"http:\/\/www.nc-acustic.com\/consultoria-acustica\/\",\"url\":\"http:\/\/www.nc-acustic.com\/consultoria-acustica\/\",\"name\":\"CONSULTORIA AC\\u00daSTICA\"}}]}]}<\/script>\n<!-- \/ Yoast SEO plugin. -->","_links":{"self":[{"href":"http:\/\/www.nc-acustic.com\/es\/wp-json\/wp\/v2\/pages\/429"}],"collection":[{"href":"http:\/\/www.nc-acustic.com\/es\/wp-json\/wp\/v2\/pages"}],"about":[{"href":"http:\/\/www.nc-acustic.com\/es\/wp-json\/wp\/v2\/types\/page"}],"author":[{"embeddable":true,"href":"http:\/\/www.nc-acustic.com\/es\/wp-json\/wp\/v2\/users\/1"}],"replies":[{"embeddable":true,"href":"http:\/\/www.nc-acustic.com\/es\/wp-json\/wp\/v2\/comments?post=429"}],"version-history":[{"count":14,"href":"http:\/\/www.nc-acustic.com\/es\/wp-json\/wp\/v2\/pages\/429\/revisions"}],"predecessor-version":[{"id":1555,"href":"http:\/\/www.nc-acustic.com\/es\/wp-json\/wp\/v2\/pages\/429\/revisions\/1555"}],"wp:attachment":[{"href":"http:\/\/www.nc-acustic.com\/es\/wp-json\/wp\/v2\/media?parent=429"}],"curies":[{"name":"wp","href":"https:\/\/api.w.org\/{rel}","templated":true}]}}