{"id":505,"date":"2013-01-17T18:31:44","date_gmt":"2013-01-17T18:31:44","guid":{"rendered":"http:\/\/www.triopsmedia.com\/wordpress\/ncacustic\/?page_id=505"},"modified":"2016-10-14T09:44:08","modified_gmt":"2016-10-14T09:44:08","slug":"vibraciones","status":"publish","type":"page","link":"http:\/\/www.nc-acustic.com\/es\/servicios\/vibraciones\/","title":{"rendered":"VIBRACIONES"},"content":{"rendered":"<p><\/p>\n<table border=\"0\" width=\"700\">\n<tbody>\n<tr>\n<td>VIBRACIONES<br \/>\nLos aceler\u00f3metros se emplean para medir vibraciones y oscilaciones en muchas m\u00e1quinas e instalaciones, as\u00ed como para el desarrollo de productos (p.e. de componentes o herramientas). La medici\u00f3n proporciona los siguientes par\u00e1metros: aceleraci\u00f3n de la vibraci\u00f3n, velocidad de vibraci\u00f3n y variaci\u00f3n de vibraci\u00f3n. De este modo se caracterizan las vibraciones con precisi\u00f3n en todo tipo de estructuras o superficies.<\/td>\n<td><img loading=\"lazy\" class=\"alignnone size-full wp-image-312\" src=\"\/wp-content\/uploads\/2013\/03\/VIB-1.jpg\" alt=\"VIB 1\" width=\"860\" height=\"610\" \/><\/td>\n<\/tr>\n<tr>\n<td>Medida y evaluaci\u00f3n de los niveles de vibraci\u00f3n.<br \/>\nAn\u00e1lisis de vibraciones producidas en maquinaria y estructuras.<br \/>\nDise\u00f1o de soluciones a medida de sistemas anti-impacto y antivibratorios.<br \/>\nVibraciones al cuerpo entero ISO 2631,1,2 y 4.<br \/>\nVibraciones al sistema mano-brazo ISO 5349.<br \/>\nVibraciones de baja frecuencia ISO 2631,1.<\/td>\n<td>\u00a0<a href=\"http:\/\/www.nc-acustic.com\/wp-content\/uploads\/2013\/01\/VIBRA1.jpg\"><img loading=\"lazy\" class=\"aligncenter size-full wp-image-1543\" src=\"http:\/\/www.nc-acustic.com\/wp-content\/uploads\/2013\/01\/VIBRA1.jpg\" alt=\"vibra1\" width=\"860\" height=\"510\" \/><\/a><\/td>\n<\/tr>\n<\/tbody>\n<\/table>\n<p><\/p>","protected":false},"excerpt":{"rendered":"<p>VIBRACIONES Los aceler\u00f3metros se emplean para medir vibraciones y oscilaciones en muchas m\u00e1quinas e instalaciones, as\u00ed como para el desarrollo de productos (p.e. de componentes o herramientas). La medici\u00f3n proporciona los siguientes par\u00e1metros: aceleraci\u00f3n de la vibraci\u00f3n, velocidad de vibraci\u00f3n y variaci\u00f3n de vibraci\u00f3n. De este modo se caracterizan las vibraciones con precisi\u00f3n en todo <a class=\"read-more-link\" href=\"http:\/\/www.nc-acustic.com\/es\/servicios\/vibraciones\/\"><br \/>leer m\u00e1s<\/a><\/p>\n","protected":false},"author":1,"featured_media":1057,"parent":13,"menu_order":0,"comment_status":"closed","ping_status":"closed","template":"","meta":[],"yoast_head":"<!-- This site is optimized with the Yoast SEO plugin v16.1.1 - https:\/\/yoast.com\/wordpress\/plugins\/seo\/ -->\n<link rel=\"canonical\" href=\"http:\/\/www.nc-acustic.com\/servicios\/vibraciones\/\" \/>\n<meta property=\"og:locale\" content=\"es_ES\" \/>\n<meta property=\"og:type\" content=\"article\" \/>\n<meta property=\"og:title\" content=\"VIBRACIONSVIBRACIONESVIBRATIONS - NC Ac\u00fastic\" \/>\n<meta property=\"og:description\" content=\"VIBRACIONES Los aceler\u00f3metros se emplean para medir vibraciones y oscilaciones en muchas m\u00e1quinas e instalaciones, as\u00ed como para el desarrollo de productos (p.e. de componentes o herramientas). La medici\u00f3n proporciona los siguientes par\u00e1metros: aceleraci\u00f3n de la vibraci\u00f3n, velocidad de vibraci\u00f3n y variaci\u00f3n de vibraci\u00f3n. De este modo se caracterizan las vibraciones con precisi\u00f3n en todo leer m\u00e1s\" \/>\n<meta property=\"og:url\" content=\"http:\/\/www.nc-acustic.com\/servicios\/vibraciones\/\" \/>\n<meta property=\"og:site_name\" content=\"NC Ac\u00fastic\" \/>\n<meta property=\"article:modified_time\" content=\"2016-10-14T09:44:08+00:00\" \/>\n<meta property=\"og:image\" content=\"http:\/\/www.nc-acustic.com\/wp-content\/uploads\/2013\/03\/RH850VC_app1.jpg\" \/>\n\t<meta property=\"og:image:width\" content=\"1000\" \/>\n\t<meta property=\"og:image:height\" content=\"507\" \/>\n<meta name=\"twitter:label1\" content=\"Tiempo de lectura\">\n\t<meta name=\"twitter:data1\" content=\"2 minutos\">\n<script type=\"application\/ld+json\" class=\"yoast-schema-graph\">{\"@context\":\"https:\/\/schema.org\",\"@graph\":[{\"@type\":\"WebSite\",\"@id\":\"http:\/\/www.nc-acustic.com\/#website\",\"url\":\"http:\/\/www.nc-acustic.com\/\",\"name\":\"NC Ac\\u00fastic\",\"description\":\"INGENIER\\u00cdA AC\\u00daSTICA Y TERMOGRAFICA\",\"potentialAction\":[{\"@type\":\"SearchAction\",\"target\":\"http:\/\/www.nc-acustic.com\/?s={search_term_string}\",\"query-input\":\"required name=search_term_string\"}],\"inLanguage\":\"es\"},{\"@type\":\"ImageObject\",\"@id\":\"http:\/\/www.nc-acustic.com\/servicios\/vibraciones\/#primaryimage\",\"inLanguage\":\"es\",\"url\":\"http:\/\/www.nc-acustic.com\/wp-content\/uploads\/2013\/03\/RH850VC_app1.jpg\",\"contentUrl\":\"http:\/\/www.nc-acustic.com\/wp-content\/uploads\/2013\/03\/RH850VC_app1.jpg\",\"width\":1000,\"height\":507},{\"@type\":\"WebPage\",\"@id\":\"http:\/\/www.nc-acustic.com\/servicios\/vibraciones\/#webpage\",\"url\":\"http:\/\/www.nc-acustic.com\/servicios\/vibraciones\/\",\"name\":\"VIBRACIONSVIBRACIONESVIBRATIONS - NC Ac\\u00fastic\",\"isPartOf\":{\"@id\":\"http:\/\/www.nc-acustic.com\/#website\"},\"primaryImageOfPage\":{\"@id\":\"http:\/\/www.nc-acustic.com\/servicios\/vibraciones\/#primaryimage\"},\"datePublished\":\"2013-01-17T18:31:44+00:00\",\"dateModified\":\"2016-10-14T09:44:08+00:00\",\"breadcrumb\":{\"@id\":\"http:\/\/www.nc-acustic.com\/servicios\/vibraciones\/#breadcrumb\"},\"inLanguage\":\"es\",\"potentialAction\":[{\"@type\":\"ReadAction\",\"target\":[\"http:\/\/www.nc-acustic.com\/servicios\/vibraciones\/\"]}]},{\"@type\":\"BreadcrumbList\",\"@id\":\"http:\/\/www.nc-acustic.com\/servicios\/vibraciones\/#breadcrumb\",\"itemListElement\":[{\"@type\":\"ListItem\",\"position\":1,\"item\":{\"@type\":\"WebPage\",\"@id\":\"http:\/\/www.nc-acustic.com\/\",\"url\":\"http:\/\/www.nc-acustic.com\/\",\"name\":\"Home\"}},{\"@type\":\"ListItem\",\"position\":2,\"item\":{\"@type\":\"WebPage\",\"@id\":\"http:\/\/www.nc-acustic.com\/servicios\/\",\"url\":\"http:\/\/www.nc-acustic.com\/servicios\/\",\"name\":\"Serveis\"}},{\"@type\":\"ListItem\",\"position\":3,\"item\":{\"@type\":\"WebPage\",\"@id\":\"http:\/\/www.nc-acustic.com\/servicios\/vibraciones\/\",\"url\":\"http:\/\/www.nc-acustic.com\/servicios\/vibraciones\/\",\"name\":\"VIBRACIONS\"}}]}]}<\/script>\n<!-- \/ Yoast SEO plugin. -->","_links":{"self":[{"href":"http:\/\/www.nc-acustic.com\/es\/wp-json\/wp\/v2\/pages\/505"}],"collection":[{"href":"http:\/\/www.nc-acustic.com\/es\/wp-json\/wp\/v2\/pages"}],"about":[{"href":"http:\/\/www.nc-acustic.com\/es\/wp-json\/wp\/v2\/types\/page"}],"author":[{"embeddable":true,"href":"http:\/\/www.nc-acustic.com\/es\/wp-json\/wp\/v2\/users\/1"}],"replies":[{"embeddable":true,"href":"http:\/\/www.nc-acustic.com\/es\/wp-json\/wp\/v2\/comments?post=505"}],"version-history":[{"count":13,"href":"http:\/\/www.nc-acustic.com\/es\/wp-json\/wp\/v2\/pages\/505\/revisions"}],"predecessor-version":[{"id":1558,"href":"http:\/\/www.nc-acustic.com\/es\/wp-json\/wp\/v2\/pages\/505\/revisions\/1558"}],"up":[{"embeddable":true,"href":"http:\/\/www.nc-acustic.com\/es\/wp-json\/wp\/v2\/pages\/13"}],"wp:featuredmedia":[{"embeddable":true,"href":"http:\/\/www.nc-acustic.com\/es\/wp-json\/wp\/v2\/media\/1057"}],"wp:attachment":[{"href":"http:\/\/www.nc-acustic.com\/es\/wp-json\/wp\/v2\/media?parent=505"}],"curies":[{"name":"wp","href":"https:\/\/api.w.org\/{rel}","templated":true}]}}