{"id":538,"date":"2013-01-17T18:55:16","date_gmt":"2013-01-17T18:55:16","guid":{"rendered":"http:\/\/www.triopsmedia.com\/wordpress\/ncacustic\/?page_id=538"},"modified":"2016-10-13T14:01:36","modified_gmt":"2016-10-13T14:01:36","slug":"termografia-infrarroja","status":"publish","type":"page","link":"http:\/\/www.nc-acustic.com\/es\/servicios\/termografia-infrarroja\/","title":{"rendered":"TERMOGRAF\u00cdA"},"content":{"rendered":"<p>La tecnologia infraroja capta la temperatura de la superficie de los objetos y visualiza f\u00e1cilmente cualquier tipo de anomal\u00eda existente en estas superficies. Permite detectar de manera fiable y r\u00e1pida aquellos elementos que no funcionan correctament.<\/p>\n<table border=\"0\" width=\"700\">\n<tbody>\n<tr>\n<td><strong>Los servicios que ofrecemos en este sector se centren en:<\/strong><\/p>\n<p>Monitorizaci\u00f3n termogr\u00e1fica del desarrollo de processos.<br \/>\nAn\u00e1lisis termogr\u00e0ficos per estudios y ensayos de materiales.<br \/>\nModelado Predictivo de Mantenimiento y Seguridad.<br \/>\nDetecci\u00f3n, diagnosis y \u00a0tratamiento de les patolog\u00edas de la construcci\u00f3n.<br \/>\nMantenimiento preventivo en edificaci\u00f3n.<br \/>\nAuditoria Termogr\u00e1fica.<br \/>\nInspecciones a instalaciones solares fotovoltaicas.<br \/>\nMantenimiento predictivo enindustria.<br \/>\nDetecci\u00f3n de niveles y gases<\/td>\n<td><a href=\"http:\/\/www.nc-acustic.com\/wp-content\/uploads\/2013\/01\/termo2.jpg\"><img loading=\"lazy\" class=\"aligncenter size-full wp-image-1536\" src=\"http:\/\/www.nc-acustic.com\/wp-content\/uploads\/2013\/01\/termo2.jpg\" alt=\"termo2\" width=\"259\" height=\"194\" \/><\/a><\/td>\n<\/tr>\n<tr>\n<td colspan=\"2\">Actualmente la Termografia Infraroja est\u00e1 considerada una t\u00e9cnica (I.N.D).<\/td>\n<\/tr>\n<\/tbody>\n<\/table>\n<p><\/p>","protected":false},"excerpt":{"rendered":"<p>La tecnologia infraroja capta la temperatura de la superficie de los objetos y visualiza f\u00e1cilmente cualquier tipo de anomal\u00eda existente en estas superficies. Permite detectar de manera fiable y r\u00e1pida aquellos elementos que no funcionan correctament. Los servicios que ofrecemos en este sector se centren en: Monitorizaci\u00f3n termogr\u00e1fica del desarrollo de processos. An\u00e1lisis termogr\u00e0ficos per <a class=\"read-more-link\" href=\"http:\/\/www.nc-acustic.com\/es\/servicios\/termografia-infrarroja\/\"><br \/>leer m\u00e1s<\/a><\/p>\n","protected":false},"author":1,"featured_media":1071,"parent":13,"menu_order":0,"comment_status":"closed","ping_status":"closed","template":"","meta":[],"yoast_head":"<!-- This site is optimized with the Yoast SEO plugin v16.1.1 - https:\/\/yoast.com\/wordpress\/plugins\/seo\/ -->\n<link rel=\"canonical\" href=\"http:\/\/www.nc-acustic.com\/servicios\/termografia-infrarroja\/\" \/>\n<meta property=\"og:locale\" content=\"es_ES\" \/>\n<meta property=\"og:type\" content=\"article\" \/>\n<meta property=\"og:title\" content=\"TERMOGRAF\u00cdATERMOGRAF\u00cdATHERMOGRAPHY - NC Ac\u00fastic\" \/>\n<meta property=\"og:description\" content=\"La tecnologia infraroja capta la temperatura de la superficie de los objetos y visualiza f\u00e1cilmente cualquier tipo de anomal\u00eda existente en estas superficies. Permite detectar de manera fiable y r\u00e1pida aquellos elementos que no funcionan correctament. Los servicios que ofrecemos en este sector se centren en: Monitorizaci\u00f3n termogr\u00e1fica del desarrollo de processos. An\u00e1lisis termogr\u00e0ficos per leer m\u00e1s\" \/>\n<meta property=\"og:url\" content=\"http:\/\/www.nc-acustic.com\/servicios\/termografia-infrarroja\/\" \/>\n<meta property=\"og:site_name\" content=\"NC Ac\u00fastic\" \/>\n<meta property=\"article:modified_time\" content=\"2016-10-13T14:01:36+00:00\" \/>\n<meta property=\"og:image\" content=\"http:\/\/www.nc-acustic.com\/wp-content\/uploads\/2013\/03\/termografia.jpg\" \/>\n\t<meta property=\"og:image:width\" content=\"1379\" \/>\n\t<meta property=\"og:image:height\" content=\"634\" \/>\n<meta name=\"twitter:label1\" content=\"Tiempo de lectura\">\n\t<meta name=\"twitter:data1\" content=\"2 minutos\">\n<script type=\"application\/ld+json\" class=\"yoast-schema-graph\">{\"@context\":\"https:\/\/schema.org\",\"@graph\":[{\"@type\":\"WebSite\",\"@id\":\"http:\/\/www.nc-acustic.com\/#website\",\"url\":\"http:\/\/www.nc-acustic.com\/\",\"name\":\"NC Ac\\u00fastic\",\"description\":\"INGENIER\\u00cdA AC\\u00daSTICA Y TERMOGRAFICA\",\"potentialAction\":[{\"@type\":\"SearchAction\",\"target\":\"http:\/\/www.nc-acustic.com\/?s={search_term_string}\",\"query-input\":\"required name=search_term_string\"}],\"inLanguage\":\"es\"},{\"@type\":\"ImageObject\",\"@id\":\"http:\/\/www.nc-acustic.com\/servicios\/termografia-infrarroja\/#primaryimage\",\"inLanguage\":\"es\",\"url\":\"http:\/\/www.nc-acustic.com\/wp-content\/uploads\/2013\/03\/termografia.jpg\",\"contentUrl\":\"http:\/\/www.nc-acustic.com\/wp-content\/uploads\/2013\/03\/termografia.jpg\",\"width\":1379,\"height\":634},{\"@type\":\"WebPage\",\"@id\":\"http:\/\/www.nc-acustic.com\/servicios\/termografia-infrarroja\/#webpage\",\"url\":\"http:\/\/www.nc-acustic.com\/servicios\/termografia-infrarroja\/\",\"name\":\"TERMOGRAF\\u00cdATERMOGRAF\\u00cdATHERMOGRAPHY - NC Ac\\u00fastic\",\"isPartOf\":{\"@id\":\"http:\/\/www.nc-acustic.com\/#website\"},\"primaryImageOfPage\":{\"@id\":\"http:\/\/www.nc-acustic.com\/servicios\/termografia-infrarroja\/#primaryimage\"},\"datePublished\":\"2013-01-17T18:55:16+00:00\",\"dateModified\":\"2016-10-13T14:01:36+00:00\",\"breadcrumb\":{\"@id\":\"http:\/\/www.nc-acustic.com\/servicios\/termografia-infrarroja\/#breadcrumb\"},\"inLanguage\":\"es\",\"potentialAction\":[{\"@type\":\"ReadAction\",\"target\":[\"http:\/\/www.nc-acustic.com\/servicios\/termografia-infrarroja\/\"]}]},{\"@type\":\"BreadcrumbList\",\"@id\":\"http:\/\/www.nc-acustic.com\/servicios\/termografia-infrarroja\/#breadcrumb\",\"itemListElement\":[{\"@type\":\"ListItem\",\"position\":1,\"item\":{\"@type\":\"WebPage\",\"@id\":\"http:\/\/www.nc-acustic.com\/\",\"url\":\"http:\/\/www.nc-acustic.com\/\",\"name\":\"Home\"}},{\"@type\":\"ListItem\",\"position\":2,\"item\":{\"@type\":\"WebPage\",\"@id\":\"http:\/\/www.nc-acustic.com\/servicios\/\",\"url\":\"http:\/\/www.nc-acustic.com\/servicios\/\",\"name\":\"Serveis\"}},{\"@type\":\"ListItem\",\"position\":3,\"item\":{\"@type\":\"WebPage\",\"@id\":\"http:\/\/www.nc-acustic.com\/servicios\/termografia-infrarroja\/\",\"url\":\"http:\/\/www.nc-acustic.com\/servicios\/termografia-infrarroja\/\",\"name\":\"TERMOGRAF\\u00cdA\"}}]}]}<\/script>\n<!-- \/ Yoast SEO plugin. -->","_links":{"self":[{"href":"http:\/\/www.nc-acustic.com\/es\/wp-json\/wp\/v2\/pages\/538"}],"collection":[{"href":"http:\/\/www.nc-acustic.com\/es\/wp-json\/wp\/v2\/pages"}],"about":[{"href":"http:\/\/www.nc-acustic.com\/es\/wp-json\/wp\/v2\/types\/page"}],"author":[{"embeddable":true,"href":"http:\/\/www.nc-acustic.com\/es\/wp-json\/wp\/v2\/users\/1"}],"replies":[{"embeddable":true,"href":"http:\/\/www.nc-acustic.com\/es\/wp-json\/wp\/v2\/comments?post=538"}],"version-history":[{"count":20,"href":"http:\/\/www.nc-acustic.com\/es\/wp-json\/wp\/v2\/pages\/538\/revisions"}],"predecessor-version":[{"id":1541,"href":"http:\/\/www.nc-acustic.com\/es\/wp-json\/wp\/v2\/pages\/538\/revisions\/1541"}],"up":[{"embeddable":true,"href":"http:\/\/www.nc-acustic.com\/es\/wp-json\/wp\/v2\/pages\/13"}],"wp:featuredmedia":[{"embeddable":true,"href":"http:\/\/www.nc-acustic.com\/es\/wp-json\/wp\/v2\/media\/1071"}],"wp:attachment":[{"href":"http:\/\/www.nc-acustic.com\/es\/wp-json\/wp\/v2\/media?parent=538"}],"curies":[{"name":"wp","href":"https:\/\/api.w.org\/{rel}","templated":true}]}}