{"id":890,"date":"2013-02-06T18:38:21","date_gmt":"2013-02-06T18:38:21","guid":{"rendered":"http:\/\/www.nc-acustic.com\/?page_id=890"},"modified":"2014-12-21T09:16:07","modified_gmt":"2014-12-21T09:16:07","slug":"empresa","status":"publish","type":"page","link":"http:\/\/www.nc-acustic.com\/es\/empresa\/","title":{"rendered":"Empresa"},"content":{"rendered":"<p><\/p>\n<p>NC Ac\u00fastic es una consultoria que nace con la misi\u00f3n de asesorar y aportar soluciones a las problem\u00e1ticas de contaminaci\u00f3n ac\u00fastica, el control del ruido y las vibraciones y la Termograf\u00eda Infrarroja, en relaci\u00f3n a la normativa actual y la legislaci\u00f3n vigente, de forma innovadora y con alta calidad tecnol\u00f3gica.<\/p>\n<p>El objetivo principal de NC Ac\u00fastic es el de garantizar soluciones concretas y viables a cualquier problem\u00e1tica relacionada con el ruido y las vibraciones, y el aislamiento t\u00e9rmico en general. Dirige sus servicios principalmente a locales de ocio y restauraci\u00f3n, promotores de obra civil, arquitectos, industrias, hoteles, empresas audiovisuales, ayuntamientos y al Consell Insular de Menorca.<br \/>\nLos puntos fuertes de NC Ac\u00fastic son principalmente la innovaci\u00f3n, calidad, profesionalidad y el uso de las \u00faltimas tecnolog\u00edas existentes en el sector.<\/p>\n<p>\u2022 Profesionalidad: La realizaci\u00f3n de proyectos por parte de ingenieros titulados y con amplia experiencia.<br \/>\n\u2022 Calidad: La forma m\u00e1s efectiva de garantizar que nuestros servicios satisfacen las necesidades del cliente es el control y la garant\u00eda de calidad.<\/p>\n<p>La principal ventaja que ofrecemos es la capacidad de adaptaci\u00f3n a las necesidades concretas del cliente as\u00ed como la oferta de soluciones a medida.<\/p>\n<p><\/p>","protected":false},"excerpt":{"rendered":"<p>NC Ac\u00fastic es una consultoria que nace con la misi\u00f3n de asesorar y aportar soluciones a las problem\u00e1ticas de contaminaci\u00f3n ac\u00fastica, el control del ruido y las vibraciones y la Termograf\u00eda Infrarroja, en relaci\u00f3n a la normativa actual y la legislaci\u00f3n vigente, de forma innovadora y con alta calidad tecnol\u00f3gica. El objetivo principal de NC <a class=\"read-more-link\" href=\"http:\/\/www.nc-acustic.com\/es\/empresa\/\"><br \/>leer m\u00e1s<\/a><\/p>\n","protected":false},"author":1,"featured_media":0,"parent":0,"menu_order":0,"comment_status":"closed","ping_status":"closed","template":"","meta":[],"yoast_head":"<!-- This site is optimized with the Yoast SEO plugin v16.1.1 - https:\/\/yoast.com\/wordpress\/plugins\/seo\/ -->\n<link rel=\"canonical\" href=\"http:\/\/www.nc-acustic.com\/empresa\/\" \/>\n<meta property=\"og:locale\" content=\"es_ES\" \/>\n<meta property=\"og:type\" content=\"article\" \/>\n<meta property=\"og:title\" content=\"Empresa NC-Acustic\" \/>\n<meta property=\"og:description\" content=\"NC Ac\u00fastic es una consultoria que nace con la misi\u00f3n de asesorar y aportar soluciones a las problem\u00e1ticas de contaminaci\u00f3n ac\u00fastica, el control del ruido y las vibraciones y la Termograf\u00eda Infrarroja, en relaci\u00f3n a la normativa actual y la legislaci\u00f3n vigente, de forma innovadora y con alta calidad tecnol\u00f3gica. El objetivo principal de NC leer m\u00e1s\" \/>\n<meta property=\"og:url\" content=\"http:\/\/www.nc-acustic.com\/empresa\/\" \/>\n<meta property=\"og:site_name\" content=\"NC Ac\u00fastic\" \/>\n<meta property=\"article:modified_time\" content=\"2014-12-21T09:16:07+00:00\" \/>\n<meta name=\"twitter:label1\" content=\"Tiempo de lectura\">\n\t<meta name=\"twitter:data1\" content=\"3 minutos\">\n<script type=\"application\/ld+json\" class=\"yoast-schema-graph\">{\"@context\":\"https:\/\/schema.org\",\"@graph\":[{\"@type\":\"WebSite\",\"@id\":\"http:\/\/www.nc-acustic.com\/#website\",\"url\":\"http:\/\/www.nc-acustic.com\/\",\"name\":\"NC Ac\\u00fastic\",\"description\":\"INGENIER\\u00cdA AC\\u00daSTICA Y TERMOGRAFICA\",\"potentialAction\":[{\"@type\":\"SearchAction\",\"target\":\"http:\/\/www.nc-acustic.com\/?s={search_term_string}\",\"query-input\":\"required name=search_term_string\"}],\"inLanguage\":\"es\"},{\"@type\":\"WebPage\",\"@id\":\"http:\/\/www.nc-acustic.com\/empresa\/#webpage\",\"url\":\"http:\/\/www.nc-acustic.com\/empresa\/\",\"name\":\"Empresa NC-Acustic\",\"isPartOf\":{\"@id\":\"http:\/\/www.nc-acustic.com\/#website\"},\"datePublished\":\"2013-02-06T18:38:21+00:00\",\"dateModified\":\"2014-12-21T09:16:07+00:00\",\"breadcrumb\":{\"@id\":\"http:\/\/www.nc-acustic.com\/empresa\/#breadcrumb\"},\"inLanguage\":\"es\",\"potentialAction\":[{\"@type\":\"ReadAction\",\"target\":[\"http:\/\/www.nc-acustic.com\/empresa\/\"]}]},{\"@type\":\"BreadcrumbList\",\"@id\":\"http:\/\/www.nc-acustic.com\/empresa\/#breadcrumb\",\"itemListElement\":[{\"@type\":\"ListItem\",\"position\":1,\"item\":{\"@type\":\"WebPage\",\"@id\":\"http:\/\/www.nc-acustic.com\/\",\"url\":\"http:\/\/www.nc-acustic.com\/\",\"name\":\"Home\"}},{\"@type\":\"ListItem\",\"position\":2,\"item\":{\"@type\":\"WebPage\",\"@id\":\"http:\/\/www.nc-acustic.com\/empresa\/\",\"url\":\"http:\/\/www.nc-acustic.com\/empresa\/\",\"name\":\"Empresa\"}}]}]}<\/script>\n<!-- \/ Yoast SEO plugin. -->","_links":{"self":[{"href":"http:\/\/www.nc-acustic.com\/es\/wp-json\/wp\/v2\/pages\/890"}],"collection":[{"href":"http:\/\/www.nc-acustic.com\/es\/wp-json\/wp\/v2\/pages"}],"about":[{"href":"http:\/\/www.nc-acustic.com\/es\/wp-json\/wp\/v2\/types\/page"}],"author":[{"embeddable":true,"href":"http:\/\/www.nc-acustic.com\/es\/wp-json\/wp\/v2\/users\/1"}],"replies":[{"embeddable":true,"href":"http:\/\/www.nc-acustic.com\/es\/wp-json\/wp\/v2\/comments?post=890"}],"version-history":[{"count":5,"href":"http:\/\/www.nc-acustic.com\/es\/wp-json\/wp\/v2\/pages\/890\/revisions"}],"predecessor-version":[{"id":1505,"href":"http:\/\/www.nc-acustic.com\/es\/wp-json\/wp\/v2\/pages\/890\/revisions\/1505"}],"wp:attachment":[{"href":"http:\/\/www.nc-acustic.com\/es\/wp-json\/wp\/v2\/media?parent=890"}],"curies":[{"name":"wp","href":"https:\/\/api.w.org\/{rel}","templated":true}]}}